{"id":858,"date":"2025-07-21T07:28:09","date_gmt":"2025-07-21T07:28:09","guid":{"rendered":"https:\/\/actforfuture.fi\/?page_id=858"},"modified":"2025-08-02T16:43:18","modified_gmt":"2025-08-02T16:43:18","slug":"live-saation-tulevaisuustyon-tutkiminen-fasilitoiminen-ja-kehittaminen-osana-opintoja-2023-2024-2","status":"publish","type":"page","link":"https:\/\/www.ainopiispanen.fi\/?page_id=858","title":{"rendered":"Live-s\u00e4\u00e4ti\u00f6n tulevaisuusty\u00f6n tutkiminen, fasilitoiminen ja kehitt\u00e4minen osana opintoja 2023-2024"},"content":{"rendered":"\n<div class=\"wp-block-group alignfull has-accent-background-color has-background has-global-padding is-layout-constrained wp-container-core-group-is-layout-669513ed wp-block-group-is-layout-constrained\" style=\"margin-top:0;margin-bottom:0;padding-top:var(--wp--preset--spacing--50);padding-right:var(--wp--preset--spacing--50);padding-bottom:var(--wp--preset--spacing--50);padding-left:var(--wp--preset--spacing--50)\">\n<div class=\"wp-block-columns alignwide is-layout-flex wp-container-core-columns-is-layout-1da03c2a wp-block-columns-is-layout-flex\">\n<div class=\"wp-block-column is-vertically-aligned-stretch is-layout-flow wp-block-column-is-layout-flow\" style=\"flex-basis:50%\">\n<div class=\"wp-block-group is-vertical is-content-justification-stretch is-layout-flex wp-container-core-group-is-layout-444d5ee8 wp-block-group-is-layout-flex\" style=\"min-height:100%\">\n<div class=\"wp-block-group is-vertical is-layout-flex wp-container-core-group-is-layout-fe9cc265 wp-block-group-is-layout-flex\">\n<p class=\"wp-container-content-0733e5d0\">Vuoden 2023 ajan tutkin ja kehitin Liven tulevaisuusty\u00f6t\u00e4 osana opintojani. Fasilitoin kehitt\u00e4j\u00e4kollegoideni kanssa henkil\u00f6st\u00f6n 12 henkisen tulevaisuusty\u00f6ryhm\u00e4n toimintaa. Ty\u00f6ryhm\u00e4 tunnisti ja tulkitsi Livelle mahdollisesti merkityksellisi\u00e4 tulevaisuuden ilmi\u00f6it\u00e4, syvensi ymm\u00e4rryst\u00e4 ilmi\u00f6ist\u00e4, rakensi tulevaisuuskuvia ja muotoili palveluvisioita niiden perusteella. Ty\u00f6n tulokset toimivat p\u00e4\u00e4t\u00f6ksenteon, kehitt\u00e4misen ja innovaatiotoiminnan tukena.&nbsp;<\/p>\n\n\n\n<p class=\"wp-container-content-0733e5d0\">Tutustu esimerkkeihin ty\u00f6stetyist\u00e4 tulevaisuuskuvista:<\/p>\n\n\n\n<p class=\"wp-container-content-0733e5d0\">&nbsp;<a href=\"https:\/\/www.livesaatio.fi\/hubfs\/Tulevaisuuskuvat.pptx?hsLang=fi\">https:\/\/www.livesaatio.fi\/hubfs\/Tulevaisuuskuvat.pptx?hsLang=fi<\/a><\/p>\n\n\n\n<p>Tein opinn\u00e4ytety\u00f6n, jossa selvitin miten henkil\u00f6st\u00f6n osallisuutta tulevaisuusty\u00f6ss\u00e4 voidaan kehitt\u00e4\u00e4 ja mit\u00e4 sill\u00e4 voidaan saavuttaa. Lue lis\u00e4\u00e4 tutkimus- ja kehitysty\u00f6st\u00e4ni <a href=\"https:\/\/ainopiispanen.fi\/?p=99\" data-type=\"post\" data-id=\"99\">t\u00e4st\u00e4<\/a> ja tutustu koko ty\u00f6h\u00f6n <a href=\"https:\/\/urn.fi\/URN:NBN:fi:amk-2024061122850\" data-type=\"link\" data-id=\"https:\/\/urn.fi\/URN:NBN:fi:amk-2024061122850\">t\u00e4st\u00e4. <\/a><br><br><\/p>\n<\/div>\n<\/div>\n<\/div>\n\n\n\n<div class=\"wp-block-column is-vertically-aligned-center is-layout-flow wp-block-column-is-layout-flow\" style=\"flex-basis:50%\">\n<figure class=\"wp-block-image size-large\"><img loading=\"lazy\" decoding=\"async\" width=\"1021\" height=\"1024\" src=\"https:\/\/ainopiispanen.fi\/wp-content\/uploads\/2025\/07\/Nayttokuva-2025-07-17-kello-18.00.48-2-1021x1024.png\" alt=\"\" class=\"wp-image-859\" srcset=\"https:\/\/www.ainopiispanen.fi\/wp-content\/uploads\/2025\/07\/Nayttokuva-2025-07-17-kello-18.00.48-2-1021x1024.png 1021w, https:\/\/www.ainopiispanen.fi\/wp-content\/uploads\/2025\/07\/Nayttokuva-2025-07-17-kello-18.00.48-2-300x300.png 300w, https:\/\/www.ainopiispanen.fi\/wp-content\/uploads\/2025\/07\/Nayttokuva-2025-07-17-kello-18.00.48-2-150x150.png 150w, https:\/\/www.ainopiispanen.fi\/wp-content\/uploads\/2025\/07\/Nayttokuva-2025-07-17-kello-18.00.48-2-768x771.png 768w, https:\/\/www.ainopiispanen.fi\/wp-content\/uploads\/2025\/07\/Nayttokuva-2025-07-17-kello-18.00.48-2.png 1222w\" sizes=\"auto, (max-width: 1021px) 100vw, 1021px\" \/><\/figure>\n<\/div>\n<\/div>\n<\/div>\n","protected":false},"excerpt":{"rendered":"<p>Vuoden 2023 ajan tutkin ja kehitin Liven tulevaisuusty\u00f6t\u00e4 osana opintojani. Fasilitoin kehitt\u00e4j\u00e4kollegoideni kanssa henkil\u00f6st\u00f6n 12 henkisen tulevaisuusty\u00f6ryhm\u00e4n toimintaa. Ty\u00f6ryhm\u00e4 tunnisti ja tulkitsi Livelle mahdollisesti merkityksellisi\u00e4 tulevaisuuden ilmi\u00f6it\u00e4, syvensi ymm\u00e4rryst\u00e4 ilmi\u00f6ist\u00e4, rakensi tulevaisuuskuvia ja muotoili palveluvisioita niiden perusteella. Ty\u00f6n tulokset toimivat p\u00e4\u00e4t\u00f6ksenteon, kehitt\u00e4misen ja innovaatiotoiminnan tukena.&nbsp; Tutustu esimerkkeihin ty\u00f6stetyist\u00e4 tulevaisuuskuvista: &nbsp;https:\/\/www.livesaatio.fi\/hubfs\/Tulevaisuuskuvat.pptx?hsLang=fi Tein opinn\u00e4ytety\u00f6n, jossa selvitin miten [&hellip;]<\/p>\n","protected":false},"author":1,"featured_media":848,"parent":0,"menu_order":0,"comment_status":"closed","ping_status":"closed","template":"","meta":{"_kadence_starter_templates_imported_post":false,"footnotes":""},"class_list":["post-858","page","type-page","status-publish","has-post-thumbnail","hentry"],"_links":{"self":[{"href":"https:\/\/www.ainopiispanen.fi\/index.php?rest_route=\/wp\/v2\/pages\/858","targetHints":{"allow":["GET"]}}],"collection":[{"href":"https:\/\/www.ainopiispanen.fi\/index.php?rest_route=\/wp\/v2\/pages"}],"about":[{"href":"https:\/\/www.ainopiispanen.fi\/index.php?rest_route=\/wp\/v2\/types\/page"}],"author":[{"embeddable":true,"href":"https:\/\/www.ainopiispanen.fi\/index.php?rest_route=\/wp\/v2\/users\/1"}],"replies":[{"embeddable":true,"href":"https:\/\/www.ainopiispanen.fi\/index.php?rest_route=%2Fwp%2Fv2%2Fcomments&post=858"}],"version-history":[{"count":5,"href":"https:\/\/www.ainopiispanen.fi\/index.php?rest_route=\/wp\/v2\/pages\/858\/revisions"}],"predecessor-version":[{"id":943,"href":"https:\/\/www.ainopiispanen.fi\/index.php?rest_route=\/wp\/v2\/pages\/858\/revisions\/943"}],"wp:featuredmedia":[{"embeddable":true,"href":"https:\/\/www.ainopiispanen.fi\/index.php?rest_route=\/wp\/v2\/media\/848"}],"wp:attachment":[{"href":"https:\/\/www.ainopiispanen.fi\/index.php?rest_route=%2Fwp%2Fv2%2Fmedia&parent=858"}],"curies":[{"name":"wp","href":"https:\/\/api.w.org\/{rel}","templated":true}]}}