{"id":813,"date":"2025-07-11T16:22:14","date_gmt":"2025-07-11T16:22:14","guid":{"rendered":"https:\/\/actforfuture.fi\/?page_id=813"},"modified":"2025-12-21T06:55:16","modified_gmt":"2025-12-21T06:55:16","slug":"puhujana-tyohonvalmennuksen-verkostopaivilla-2024","status":"publish","type":"page","link":"https:\/\/www.ainopiispanen.fi\/?page_id=813","title":{"rendered":"Puhujana &amp; juontajana 2024"},"content":{"rendered":"\n<p><\/p>\n\n\n\n<p><strong>Puheenvuoro I Ty\u00f6h\u00f6nvalmennuksen verkostop\u00e4iv\u00e4t 2024<\/strong><\/p>\n\n\n\n<p>Esiinnyin <a href=\"https:\/\/www.linkedin.com\/company\/ammattiopisto-spesia\/\">Ammattiopisto Spesia<\/a>n ja <a href=\"https:\/\/www.linkedin.com\/company\/livesaatio\/\">Live-s\u00e4\u00e4ti\u00f6<\/a>n j\u00e4rjest\u00e4mill\u00e4 ty\u00f6h\u00f6nvalmennuksen verkostop\u00e4ivill\u00e4 11\/2024. Aiheenani oli tulevaisuususkon vahvistaminen ja tulevaisuusmuotoilu. Verkostop\u00e4iv\u00e4t ker\u00e4siv\u00e4t yli 250 kuulijaa ja ne koostuivat mm. paneelista, puheenvuoroista ja hanke-esittelyist\u00e4. J\u00e4rjest\u00e4jien ker\u00e4\u00e4m\u00e4ss\u00e4 palautteessa minun puheenvuoroni ker\u00e4si eniten kiitt\u00e4vi\u00e4 palautteita.<\/p>\n\n\n\n<p>Palautteissaan kuulijat kertoivat saaneensa puheenvuorostani mm. \u00a8hyv\u00e4\u00e4 ja laajaa taustateoriaa\u00a8 ja \u00a8hyvi\u00e4 k\u00e4yt\u00e4nn\u00f6n ty\u00f6kaluja\u00a8, mutta ennen kaikkea: \u00a8motivaatiota\u00a8, \u00a8uskoa\u00a8, \u00a8innostusta\u00a8, \u00a8inspiraatiota\u00a8, \u00a8kannustusta\u00a8, \u00a8tsemppi\u00e4\u00a8, \u00a8rauhaa\u00a8 ja \u00a8toiveikkuutta\u00a8.<br><br>Er\u00e4s kuulija kuvasi: \u00a8Varsinkin ty\u00f6yhteis\u00f6ss\u00e4ni koen uupumusta, koska ty\u00f6 hyvinvointialueella on jatkuvassa muutoksessa ilman vakiintuneita linjauksia sek\u00e4 asiakasty\u00f6 on raskasta vaikeimmassa tilanteessa olevien kanssa. Ilman t\u00e4llaista asennetta ja motivointia hyv\u00e4\u00e4n tulevaisuuteen kukaan ei jaksa. Kiitos!\u00a8<br><\/p>\n\n\n\n<p>Esiintyess\u00e4ni edustin Act4Futurea ja <a href=\"https:\/\/www.linkedin.com\/company\/livesaatio\/\">Live-s\u00e4\u00e4ti\u00f6<\/a>n koulutuspalvelu <a href=\"https:\/\/www.linkedin.com\/company\/liveandlearnll\/\">Live&amp;Learn<\/a>i\u00e4.<\/p>\n\n\n\n<div class=\"wp-block-columns is-layout-flex wp-container-core-columns-is-layout-28f84493 wp-block-columns-is-layout-flex\">\n<div class=\"wp-block-column is-layout-flow wp-block-column-is-layout-flow\">\n<figure class=\"wp-block-image size-large\"><img loading=\"lazy\" decoding=\"async\" width=\"1024\" height=\"546\" src=\"https:\/\/ainopiispanen.fi\/wp-content\/uploads\/2025\/12\/Nayttokuva-2025-12-21-kello-8.30.22-1024x546.png\" alt=\"\" class=\"wp-image-1129\" srcset=\"https:\/\/www.ainopiispanen.fi\/wp-content\/uploads\/2025\/12\/Nayttokuva-2025-12-21-kello-8.30.22-1024x546.png 1024w, https:\/\/www.ainopiispanen.fi\/wp-content\/uploads\/2025\/12\/Nayttokuva-2025-12-21-kello-8.30.22-300x160.png 300w, https:\/\/www.ainopiispanen.fi\/wp-content\/uploads\/2025\/12\/Nayttokuva-2025-12-21-kello-8.30.22-768x409.png 768w, https:\/\/www.ainopiispanen.fi\/wp-content\/uploads\/2025\/12\/Nayttokuva-2025-12-21-kello-8.30.22.png 1280w\" sizes=\"auto, (max-width: 1024px) 100vw, 1024px\" \/><figcaption class=\"wp-element-caption\">Panelistit: toimitusjohtaja Matti Karvonen, johtava asiantuntija Tiia Brax, operatiivinen johtaja Teemu Hirko ja kehitysjohtaja Marja Visti-Koskinen<\/figcaption><\/figure>\n<\/div>\n\n\n\n<div class=\"wp-block-column is-layout-flow wp-block-column-is-layout-flow\">\n<p><strong>Paneelin juontaja I Kohti tulevaisuuden ty\u00f6el\u00e4m\u00e4\u00e4, Live-s\u00e4\u00e4ti\u00f6<\/strong><\/p>\n\n\n\n<p>Rekrytointip\u00e4iv\u00e4lill\u00e4 2024 j\u00e4rjestettiin paneelikeskustelu, jossa nelj\u00e4n eri organisaation edustajat kertoivat n\u00e4kemyksist\u00e4\u00e4n ty\u00f6el\u00e4m\u00e4\u00e4 muovaavista kehityskuluista. Juonsin keskustelua, tuoden tulevaisuusmuotoilun n\u00e4k\u00f6kulmaa n\u00e4kyv\u00e4ksi ty\u00f6el\u00e4m\u00e4keskusteluun. <br><br><\/p>\n<\/div>\n<\/div>\n\n\n\n<p>Saimme paneelista kiitosta l\u00e4mminhenkisest\u00e4 tunnelmasta sek\u00e4<br>merkityksellisest\u00e4, monipuolisesta keskustelusta.<\/p>\n","protected":false},"excerpt":{"rendered":"<p>Puheenvuoro I Ty\u00f6h\u00f6nvalmennuksen verkostop\u00e4iv\u00e4t 2024 Esiinnyin Ammattiopisto Spesian ja Live-s\u00e4\u00e4ti\u00f6n j\u00e4rjest\u00e4mill\u00e4 ty\u00f6h\u00f6nvalmennuksen verkostop\u00e4ivill\u00e4 11\/2024. Aiheenani oli tulevaisuususkon vahvistaminen ja tulevaisuusmuotoilu. Verkostop\u00e4iv\u00e4t ker\u00e4siv\u00e4t yli 250 kuulijaa ja ne koostuivat mm. paneelista, puheenvuoroista ja hanke-esittelyist\u00e4. J\u00e4rjest\u00e4jien ker\u00e4\u00e4m\u00e4ss\u00e4 palautteessa minun puheenvuoroni ker\u00e4si eniten kiitt\u00e4vi\u00e4 palautteita. Palautteissaan kuulijat kertoivat saaneensa puheenvuorostani mm. \u00a8hyv\u00e4\u00e4 ja laajaa taustateoriaa\u00a8 ja \u00a8hyvi\u00e4 k\u00e4yt\u00e4nn\u00f6n [&hellip;]<\/p>\n","protected":false},"author":1,"featured_media":0,"parent":0,"menu_order":0,"comment_status":"closed","ping_status":"closed","template":"","meta":{"_kadence_starter_templates_imported_post":false,"footnotes":""},"class_list":["post-813","page","type-page","status-publish","hentry"],"_links":{"self":[{"href":"https:\/\/www.ainopiispanen.fi\/index.php?rest_route=\/wp\/v2\/pages\/813","targetHints":{"allow":["GET"]}}],"collection":[{"href":"https:\/\/www.ainopiispanen.fi\/index.php?rest_route=\/wp\/v2\/pages"}],"about":[{"href":"https:\/\/www.ainopiispanen.fi\/index.php?rest_route=\/wp\/v2\/types\/page"}],"author":[{"embeddable":true,"href":"https:\/\/www.ainopiispanen.fi\/index.php?rest_route=\/wp\/v2\/users\/1"}],"replies":[{"embeddable":true,"href":"https:\/\/www.ainopiispanen.fi\/index.php?rest_route=%2Fwp%2Fv2%2Fcomments&post=813"}],"version-history":[{"count":5,"href":"https:\/\/www.ainopiispanen.fi\/index.php?rest_route=\/wp\/v2\/pages\/813\/revisions"}],"predecessor-version":[{"id":1132,"href":"https:\/\/www.ainopiispanen.fi\/index.php?rest_route=\/wp\/v2\/pages\/813\/revisions\/1132"}],"wp:attachment":[{"href":"https:\/\/www.ainopiispanen.fi\/index.php?rest_route=%2Fwp%2Fv2%2Fmedia&parent=813"}],"curies":[{"name":"wp","href":"https:\/\/api.w.org\/{rel}","templated":true}]}}