{"id":794,"date":"2025-07-11T16:04:44","date_gmt":"2025-07-11T16:04:44","guid":{"rendered":"https:\/\/actforfuture.fi\/?page_id=794"},"modified":"2025-12-21T04:55:32","modified_gmt":"2025-12-21T04:55:32","slug":"live-saation-tulevaisuustyon-kehittaminen-ja-fasilitoiminen-2024-2025","status":"publish","type":"page","link":"https:\/\/www.ainopiispanen.fi\/?page_id=794","title":{"rendered":"Tulevaisuusty\u00f6n kehitt\u00e4minen Live-s\u00e4\u00e4ti\u00f6ll\u00e4 2024-2025"},"content":{"rendered":"\n<div class=\"wp-block-group alignfull has-base-2-background-color has-background is-vertical is-layout-flex wp-container-core-group-is-layout-84c81ab8 wp-block-group-is-layout-flex\" style=\"margin-top:0;margin-bottom:0;padding-top:var(--wp--preset--spacing--60);padding-right:var(--wp--preset--spacing--60);padding-bottom:var(--wp--preset--spacing--60);padding-left:var(--wp--preset--spacing--60)\">\n<blockquote class=\"wp-block-quote is-layout-flow wp-block-quote-is-layout-flow\">\n<p><em>Ainon rooli tulevaisuusmuotoilun edist\u00e4j\u00e4n\u00e4 Livess\u00e4 on ollut keskeinen. Aino toi mukanaan poikkeuksellista ennakointikyky\u00e4, luovaa ajattelua ja aitoa halua kehitt\u00e4\u00e4 tulevaisuuteen suuntautuvia ratkaisuja yhdess\u00e4 sidosryhmien kanssa. <\/em><\/p>\n\n\n\n<p class=\"has-text-color has-link-color wp-elements-42fe2c8c12f70599ffebc049edc5c640\" style=\"color:#88967f\">Liisa Metsola, kehitysjohtaja Live-s\u00e4\u00e4ti\u00f6<\/p>\n<\/blockquote>\n<\/div>\n\n\n\n<div class=\"wp-block-group alignfull has-background has-global-padding is-layout-constrained wp-container-core-group-is-layout-669513ed wp-block-group-is-layout-constrained\" style=\"background-color:#e7e4e1;margin-top:0;margin-bottom:0;padding-top:var(--wp--preset--spacing--50);padding-right:var(--wp--preset--spacing--50);padding-bottom:var(--wp--preset--spacing--50);padding-left:var(--wp--preset--spacing--50)\">\n<div class=\"wp-block-columns alignwide is-layout-flex wp-container-core-columns-is-layout-28f84493 wp-block-columns-is-layout-flex\">\n<div class=\"wp-block-column is-layout-flow wp-block-column-is-layout-flow\" style=\"flex-basis:40%\">\n<figure class=\"wp-block-image size-full is-resized wp-duotone-unset-1\"><img loading=\"lazy\" decoding=\"async\" width=\"886\" height=\"1317\" src=\"https:\/\/ainopiispanen.fi\/wp-content\/uploads\/2025\/07\/1706535068342.jpeg\" alt=\"\" class=\"wp-image-827\" style=\"width:326px;height:auto\" srcset=\"https:\/\/www.ainopiispanen.fi\/wp-content\/uploads\/2025\/07\/1706535068342.jpeg 886w, https:\/\/www.ainopiispanen.fi\/wp-content\/uploads\/2025\/07\/1706535068342-202x300.jpeg 202w, https:\/\/www.ainopiispanen.fi\/wp-content\/uploads\/2025\/07\/1706535068342-689x1024.jpeg 689w, https:\/\/www.ainopiispanen.fi\/wp-content\/uploads\/2025\/07\/1706535068342-768x1142.jpeg 768w\" sizes=\"auto, (max-width: 886px) 100vw, 886px\" \/><figcaption class=\"wp-element-caption\">Vasemmalta asiakkuusp\u00e4\u00e4llikk\u00f6 Annika Lipponen, allekirjoittanut ja palvelumuotoilija-innovaattori Pia T\u00f6rnwall.<\/figcaption><\/figure>\n\n\n\n<p><\/p>\n\n\n\n<figure class=\"wp-block-image alignleft size-full\"><img loading=\"lazy\" decoding=\"async\" width=\"480\" height=\"270\" src=\"https:\/\/ainopiispanen.fi\/wp-content\/uploads\/2025\/07\/1746783070320.jpeg\" alt=\"\" class=\"wp-image-895\" srcset=\"https:\/\/www.ainopiispanen.fi\/wp-content\/uploads\/2025\/07\/1746783070320.jpeg 480w, https:\/\/www.ainopiispanen.fi\/wp-content\/uploads\/2025\/07\/1746783070320-300x169.jpeg 300w\" sizes=\"auto, (max-width: 480px) 100vw, 480px\" \/><figcaption class=\"wp-element-caption\">Versioni tulevaisuust\u00f6tter\u00f6st\u00e4 (Voros 2017)<\/figcaption><\/figure>\n<\/div>\n\n\n\n<div class=\"wp-block-column is-layout-flow wp-block-column-is-layout-flow\" style=\"flex-basis:60%\">\n<p>Kehitin ja fasilitoin <a href=\"https:\/\/www.livesaatio.fi\/\" data-type=\"link\" data-id=\"https:\/\/www.livesaatio.fi\/\">Live-s\u00e4\u00e4ti\u00f6n<\/a> strategista ennakointia ja muotoilua, sek\u00e4 toimin <a href=\"https:\/\/www.livesaatio.fi\/innolive\" data-type=\"link\" data-id=\"https:\/\/www.livesaatio.fi\/innolive\">Innoliven<\/a> tulevaisuusmuotoilun kehityshankkeissa projektity\u00f6ntekij\u00e4n\u00e4 06\/2024-03\/2025. Tein kehitysty\u00f6t\u00e4 tiiviisti yhdess\u00e4 upeiden kollegoideni palvelumuotoilija-innovaattori Pia T\u00f6rnwallin ja asiakkuusp\u00e4\u00e4llikk\u00f6 Annika Lipposen kanssa. Ty\u00f6skentelin laajasti organisaation eri yksik\u00f6iden henkil\u00f6st\u00f6n, yksil\u00f6asiakkaiden, ty\u00f6el\u00e4m\u00e4kumppanien ja johdon kanssa.<\/p>\n\n\n\n<p>Tuin Liven johtoryhm\u00e4\u00e4 strategisen ja osallistavan tulevaisuusty\u00f6n organisoimisessa. Fasilitoin johdon yhteisty\u00f6skentely\u00e4, esittelin kehitettyj\u00e4 toimintavaihtoehtoja ja viestin toimintamalleista henkil\u00f6st\u00f6lle koko henkil\u00f6st\u00f6n foorumissa.<\/p>\n\n\n\n<p>Kehitin henkil\u00f6st\u00f6n ja ty\u00f6el\u00e4m\u00e4kumppanien osaamista j\u00e4rjest\u00e4m\u00e4ll\u00e4 tulevaisuusmuotoiluty\u00f6pajoja ja -koulutusta, sek\u00e4 kehitt\u00e4m\u00e4ll\u00e4 tuloksellisia, osallistavia ja luovia ty\u00f6menetelmi\u00e4 ja prosesseja. Ty\u00f6skentelyyn osallistuivat mm. Liven ammattiopiston opettajat, ohjaajat, opinto-ohjaajat ja koulutusp\u00e4\u00e4llik\u00f6t, liiketoimintojen ja tukipalvelujen p\u00e4\u00e4llik\u00f6t ja kehitt\u00e4j\u00e4t, Innoliven projektihenkil\u00f6st\u00f6, sek\u00e4 Liven ty\u00f6el\u00e4m\u00e4kumppanit. <\/p>\n\n\n\n<p>Tulevaisuusty\u00f6skentelyll\u00e4 vahvistettiin henkil\u00f6st\u00f6n ja ty\u00f6el\u00e4m\u00e4kumppanien tulevaisuustietoisuutta, tuotettiin ennakointitietoa, perehdyttiin olemassa olevaan ennakointitietoon, sek\u00e4 muodostettiin yhteisymm\u00e4rryst\u00e4 vaihtoehtoisista tulevaisuuksista ja relevanteista, mahdollisista kehityskuluista. Ennakointitietoa ja lis\u00e4\u00e4ntynytt\u00e4 ymm\u00e4rryst\u00e4 hy\u00f6dynnettiin innovoimalla ja muotoilemalla tulevaisuuskest\u00e4via ja tulevaisuutta uudistavia palveluja ja liiketoimintaa. Lis\u00e4ksi ty\u00f6skentely tuki henkil\u00f6st\u00f6\u00e4 Liven yksil\u00f6asiakkaiden tulevaisuuslukutaidon ja tulevaisuususkon vahvistamisessa ja auttoi ohjaamaan asiakkaita tulevaisuuden ty\u00f6el\u00e4m\u00e4\u00e4n.<\/p>\n<\/div>\n<\/div>\n\n\n\n<div style=\"height:0px\" aria-hidden=\"true\" class=\"wp-block-spacer\"><\/div>\n<\/div>\n\n\n\n<div class=\"wp-block-group alignfull has-base-2-background-color has-background is-vertical is-layout-flex wp-container-core-group-is-layout-84c81ab8 wp-block-group-is-layout-flex\" style=\"margin-top:0;margin-bottom:0;padding-top:var(--wp--preset--spacing--60);padding-right:var(--wp--preset--spacing--60);padding-bottom:var(--wp--preset--spacing--60);padding-left:var(--wp--preset--spacing--60)\">\n<div class=\"wp-block-columns is-layout-flex wp-container-core-columns-is-layout-28f84493 wp-block-columns-is-layout-flex\">\n<div class=\"wp-block-column is-layout-flow wp-block-column-is-layout-flow\" style=\"flex-basis:60%\">\n<p class=\"has-heading-font-family has-x-large-font-size\" style=\"line-height:1.2\">Projektit <\/p>\n\n\n\n<div class=\"wp-block-columns is-layout-flex wp-container-core-columns-is-layout-87beb0d0 wp-block-columns-is-layout-flex\">\n<div class=\"wp-block-column is-layout-flow wp-block-column-is-layout-flow\">\n<p class=\"wp-container-content-9cfa9a5a\">Vahvistin koulutusorganisaatioiden henkil\u00f6st\u00f6n ennakointikyvykkyytt\u00e4 Ami-s\u00e4\u00e4ti\u00f6n rahoittamassa Tulevaisuusmuotoilun ABC projektissa. Muotoilin ennakoinnin koulutusmateriaaleja, pilotoin ty\u00f6kaluja ja fasilitoin tulevaisuusty\u00f6pajoja. <\/p>\n\n\n\n<p class=\"wp-container-content-9cfa9a5a\">Tutustu tuotoksiin<a href=\"https:\/\/tulevaisuudenosaaminen.fi\/\"> t\u00e4st\u00e4.<\/a><br><\/p>\n<\/div>\n\n\n\n<div class=\"wp-block-column is-layout-flow wp-block-column-is-layout-flow\">\n<p>Kehitin nuorten ja henkil\u00f6st\u00f6n tulevaisuustietoisuutta ja tulevaisuususkoa Euroopan sosiaalirahaston rahoittamassa PEHMO-projektissa. Osaamista kehitettiin etenkin ty\u00f6llistymisen ja ty\u00f6el\u00e4m\u00e4ymm\u00e4rryksen n\u00e4k\u00f6kulmasta. Olin mukana luomassa menetelmi\u00e4 ty\u00f6el\u00e4m\u00e4ss\u00e4 tarvittavien pehmeiden taitojen ja yleisten ty\u00f6el\u00e4m\u00e4taitojen tunnistamiseen ja arviointiin mikrokredentiaaleja hy\u00f6dynt\u00e4m\u00e4ll\u00e4. Tutustu toimintaan <a href=\"https:\/\/www.livesaatio.fi\/innolive\/hankkeet\/pehmo\" data-type=\"link\" data-id=\"https:\/\/www.livesaatio.fi\/innolive\/hankkeet\/pehmo\">t\u00e4st\u00e4<\/a>.<\/p>\n<\/div>\n<\/div>\n<\/div>\n\n\n\n<div class=\"wp-block-column has-text-color has-link-color wp-elements-f361fbdb40bc79b78e29d0abdc373dde has-global-padding is-content-justification-left is-layout-constrained wp-container-core-column-is-layout-4f15e8fe wp-block-column-is-layout-constrained\" style=\"color:#88967f;flex-basis:40%\">\n<figure class=\"wp-block-image size-large\"><img loading=\"lazy\" decoding=\"async\" width=\"1024\" height=\"570\" src=\"https:\/\/ainopiispanen.fi\/wp-content\/uploads\/2025\/07\/Nayttokuva-2025-07-26-kello-15.07.14-1024x570.png\" alt=\"\" class=\"wp-image-876\" srcset=\"https:\/\/www.ainopiispanen.fi\/wp-content\/uploads\/2025\/07\/Nayttokuva-2025-07-26-kello-15.07.14-1024x570.png 1024w, https:\/\/www.ainopiispanen.fi\/wp-content\/uploads\/2025\/07\/Nayttokuva-2025-07-26-kello-15.07.14-300x167.png 300w, https:\/\/www.ainopiispanen.fi\/wp-content\/uploads\/2025\/07\/Nayttokuva-2025-07-26-kello-15.07.14-768x427.png 768w, https:\/\/www.ainopiispanen.fi\/wp-content\/uploads\/2025\/07\/Nayttokuva-2025-07-26-kello-15.07.14-1536x855.png 1536w, https:\/\/www.ainopiispanen.fi\/wp-content\/uploads\/2025\/07\/Nayttokuva-2025-07-26-kello-15.07.14-2048x1140.png 2048w\" sizes=\"auto, (max-width: 1024px) 100vw, 1024px\" \/><\/figure>\n\n\n\n<figure class=\"wp-block-image size-large\"><img loading=\"lazy\" decoding=\"async\" width=\"1024\" height=\"571\" src=\"https:\/\/ainopiispanen.fi\/wp-content\/uploads\/2025\/07\/Nayttokuva-2025-07-26-kello-15.03.35-1024x571.png\" alt=\"\" class=\"wp-image-874\" srcset=\"https:\/\/www.ainopiispanen.fi\/wp-content\/uploads\/2025\/07\/Nayttokuva-2025-07-26-kello-15.03.35-1024x571.png 1024w, https:\/\/www.ainopiispanen.fi\/wp-content\/uploads\/2025\/07\/Nayttokuva-2025-07-26-kello-15.03.35-300x167.png 300w, https:\/\/www.ainopiispanen.fi\/wp-content\/uploads\/2025\/07\/Nayttokuva-2025-07-26-kello-15.03.35-768x428.png 768w, https:\/\/www.ainopiispanen.fi\/wp-content\/uploads\/2025\/07\/Nayttokuva-2025-07-26-kello-15.03.35-1536x857.png 1536w, https:\/\/www.ainopiispanen.fi\/wp-content\/uploads\/2025\/07\/Nayttokuva-2025-07-26-kello-15.03.35-2048x1142.png 2048w\" sizes=\"auto, (max-width: 1024px) 100vw, 1024px\" \/><figcaption class=\"wp-element-caption\">Kuvia Tulevaisuusmuotoilun ABC-projektissa kollegani Pia T\u00f6rnwallin kanssa yhdess\u00e4 muotoillusta <a href=\"https:\/\/tulevaisuudenosaaminen.fi\/tyokalut\/tulevaisuuden-osaamisprofiili-ennakointitiedon-konkretisoimisen-tyokalu\/\" data-type=\"link\" data-id=\"https:\/\/tulevaisuudenosaaminen.fi\/tyokalut\/tulevaisuuden-osaamisprofiili-ennakointitiedon-konkretisoimisen-tyokalu\/\">Tulevaisuuden osaamisprofiili-ty\u00f6kalu<\/a>sta. Se yhdist\u00e4\u00e4 osaamisprofiili- ja persona-ty\u00f6kaluja ja tukee tulevaisuuden osaamistarpeiden j\u00e4sent\u00e4misess\u00e4.<\/figcaption><\/figure>\n<\/div>\n<\/div>\n<\/div>\n","protected":false},"excerpt":{"rendered":"<p>Ainon rooli tulevaisuusmuotoilun edist\u00e4j\u00e4n\u00e4 Livess\u00e4 on ollut keskeinen. Aino toi mukanaan poikkeuksellista ennakointikyky\u00e4, luovaa ajattelua ja aitoa halua kehitt\u00e4\u00e4 tulevaisuuteen suuntautuvia ratkaisuja yhdess\u00e4 sidosryhmien kanssa. Liisa Metsola, kehitysjohtaja Live-s\u00e4\u00e4ti\u00f6 Kehitin ja fasilitoin Live-s\u00e4\u00e4ti\u00f6n strategista ennakointia ja muotoilua, sek\u00e4 toimin Innoliven tulevaisuusmuotoilun kehityshankkeissa projektity\u00f6ntekij\u00e4n\u00e4 06\/2024-03\/2025. Tein kehitysty\u00f6t\u00e4 tiiviisti yhdess\u00e4 upeiden kollegoideni palvelumuotoilija-innovaattori Pia T\u00f6rnwallin ja asiakkuusp\u00e4\u00e4llikk\u00f6 [&hellip;]<\/p>\n","protected":false},"author":1,"featured_media":0,"parent":0,"menu_order":0,"comment_status":"closed","ping_status":"closed","template":"","meta":{"_kadence_starter_templates_imported_post":false,"footnotes":""},"class_list":["post-794","page","type-page","status-publish","hentry"],"_links":{"self":[{"href":"https:\/\/www.ainopiispanen.fi\/index.php?rest_route=\/wp\/v2\/pages\/794","targetHints":{"allow":["GET"]}}],"collection":[{"href":"https:\/\/www.ainopiispanen.fi\/index.php?rest_route=\/wp\/v2\/pages"}],"about":[{"href":"https:\/\/www.ainopiispanen.fi\/index.php?rest_route=\/wp\/v2\/types\/page"}],"author":[{"embeddable":true,"href":"https:\/\/www.ainopiispanen.fi\/index.php?rest_route=\/wp\/v2\/users\/1"}],"replies":[{"embeddable":true,"href":"https:\/\/www.ainopiispanen.fi\/index.php?rest_route=%2Fwp%2Fv2%2Fcomments&post=794"}],"version-history":[{"count":38,"href":"https:\/\/www.ainopiispanen.fi\/index.php?rest_route=\/wp\/v2\/pages\/794\/revisions"}],"predecessor-version":[{"id":1091,"href":"https:\/\/www.ainopiispanen.fi\/index.php?rest_route=\/wp\/v2\/pages\/794\/revisions\/1091"}],"wp:attachment":[{"href":"https:\/\/www.ainopiispanen.fi\/index.php?rest_route=%2Fwp%2Fv2%2Fmedia&parent=794"}],"curies":[{"name":"wp","href":"https:\/\/api.w.org\/{rel}","templated":true}]}}