{"id":78,"date":"2024-06-20T09:45:28","date_gmt":"2024-06-20T09:45:28","guid":{"rendered":"https:\/\/actforfuture.fi\/?page_id=78"},"modified":"2025-07-10T12:19:45","modified_gmt":"2025-07-10T12:19:45","slug":"sina-ja-mina-teemme-tulevaisuutta-tanaan-2","status":"publish","type":"page","link":"https:\/\/www.ainopiispanen.fi\/","title":{"rendered":"Tulevaisuus\u00adkest\u00e4v\u00e4n yhteiskunnan muotoilija"},"content":{"rendered":"\n<figure class=\"wp-block-image alignfull size-large\"><img loading=\"lazy\" decoding=\"async\" width=\"1024\" height=\"576\" src=\"https:\/\/ainopiispanen.fi\/wp-content\/uploads\/2024\/07\/Uusi-etusivu-1-1-1024x576.png\" alt=\"\" class=\"wp-image-404\" srcset=\"https:\/\/www.ainopiispanen.fi\/wp-content\/uploads\/2024\/07\/Uusi-etusivu-1-1-1024x576.png 1024w, https:\/\/www.ainopiispanen.fi\/wp-content\/uploads\/2024\/07\/Uusi-etusivu-1-1-300x169.png 300w, https:\/\/www.ainopiispanen.fi\/wp-content\/uploads\/2024\/07\/Uusi-etusivu-1-1-768x432.png 768w, https:\/\/www.ainopiispanen.fi\/wp-content\/uploads\/2024\/07\/Uusi-etusivu-1-1.png 1366w\" sizes=\"auto, (max-width: 1024px) 100vw, 1024px\" \/><\/figure>\n\n\n\n<div class=\"wp-block-group is-vertical is-content-justification-center is-layout-flex wp-container-core-group-is-layout-ce155fab wp-block-group-is-layout-flex\">\n<p>Autan vahvistamaan yksil\u00f6iden ja organisaatioiden innovaatio- ja toimintakyky\u00e4, kest\u00e4vyytt\u00e4 ja tulevaisuususkoa tulevaisuusmuotoilun keinoin. <\/p>\n\n\n\n<div class=\"wp-block-buttons is-content-justification-center is-layout-flex wp-container-core-buttons-is-layout-a89b3969 wp-block-buttons-is-layout-flex\">\n<div class=\"wp-block-button has-custom-width wp-block-button__width-100\"><a class=\"wp-block-button__link has-contrast-color has-accent-background-color has-text-color has-background has-link-color has-text-align-center wp-element-button\" href=\"https:\/\/ainopiispanen.fi\/?page_id=313\">Tutustu palveluihin<\/a><\/div>\n<\/div>\n<\/div>\n\n\n\n<p><\/p>\n\n\n\n<h3 class=\"wp-block-heading has-text-align-left\">Kehitysty\u00f6kalu organisaatiosi                osallistavaan tulevaisuusty\u00f6h\u00f6n<\/h3>\n\n\n\n<p>Tutustu tulevaisuusty\u00f6n Co-Sight mallipohjan hy\u00f6dynt\u00e4miseen <a href=\"https:\/\/ainopiispanen.fi\/?page_id=2\" data-type=\"page\" data-id=\"2\"><strong>t\u00e4st\u00e4<\/strong><\/a> ja lataa malli maksutta organisaatiosi k\u00e4ytt\u00f6\u00f6n. Kehitysty\u00f6kalun avulla koko organisaation ymm\u00e4rryst\u00e4 hy\u00f6dynnet\u00e4\u00e4n tulevaisuusty\u00f6ss\u00e4, jolloin organisaation kyky muotoilla tulevaisuutta vahvistuu.<\/p>\n\n\n\n<p><\/p>\n\n\n\n<div class=\"wp-block-columns is-layout-flex wp-container-core-columns-is-layout-28f84493 wp-block-columns-is-layout-flex\">\n<div class=\"wp-block-column is-layout-flow wp-block-column-is-layout-flow\" style=\"flex-basis:100%\">\n<div class=\"wp-block-buttons is-content-justification-center is-layout-flex wp-container-core-buttons-is-layout-a89b3969 wp-block-buttons-is-layout-flex\">\n<div class=\"wp-block-button is-style-fill\"><a class=\"wp-block-button__link has-contrast-color has-accent-background-color has-text-color has-background has-link-color has-text-align-center wp-element-button\" href=\"https:\/\/www.canva.com\/design\/DAGEieO2D0A\/oNcwCzHOmpvuiqIVfoVVMA\/view?utm_content=DAGEieO2D0A&amp;utm_campaign=designshare&amp;utm_medium=link&amp;utm_source=publishsharelink&amp;mode=preview\">Lataa Co-Sight mallipohja maksutta<\/a><\/div>\n<\/div>\n<\/div>\n<\/div>\n\n\n\n<div class=\"wp-block-group is-vertical is-layout-flex wp-container-core-group-is-layout-fe9cc265 wp-block-group-is-layout-flex\">\n<figure class=\"wp-block-image size-large is-resized\"><img loading=\"lazy\" decoding=\"async\" width=\"1024\" height=\"576\" src=\"https:\/\/ainopiispanen.fi\/wp-content\/uploads\/2024\/07\/kuva-mediatiedote-2-edited-1024x576.png\" alt=\"\" class=\"wp-image-367\" style=\"width:713px;height:auto\" srcset=\"https:\/\/www.ainopiispanen.fi\/wp-content\/uploads\/2024\/07\/kuva-mediatiedote-2-edited-1024x576.png 1024w, https:\/\/www.ainopiispanen.fi\/wp-content\/uploads\/2024\/07\/kuva-mediatiedote-2-edited-300x169.png 300w, https:\/\/www.ainopiispanen.fi\/wp-content\/uploads\/2024\/07\/kuva-mediatiedote-2-edited-768x432.png 768w, https:\/\/www.ainopiispanen.fi\/wp-content\/uploads\/2024\/07\/kuva-mediatiedote-2-edited.png 1080w\" sizes=\"auto, (max-width: 1024px) 100vw, 1024px\" \/><\/figure>\n\n\n\n<h3 class=\"wp-block-heading\"><\/h3>\n\n\n\n<p>Tarvitsetko tukea Co-sight kehitysty\u00f6kalun k\u00e4ytt\u00f6\u00f6nottoon ja organisaatiosi tulevaisuusty\u00f6n kehitt\u00e4miseen? Jutellaan, kuinka voin auttaa.<\/p>\n<\/div>\n\n\n\n<div class=\"wp-block-buttons alignwide is-content-justification-center is-layout-flex wp-container-core-buttons-is-layout-a89b3969 wp-block-buttons-is-layout-flex\">\n<div class=\"wp-block-button is-style-fill\"><a class=\"wp-block-button__link has-contrast-color has-accent-background-color has-text-color has-background has-link-color has-text-align-center wp-element-button\" href=\"https:\/\/ainopiispanen.fi\/?page_id=20\">Ota yhteytt\u00e4<\/a><\/div>\n<\/div>\n\n\n\n<p><\/p>\n","protected":false},"excerpt":{"rendered":"<p>Autan vahvistamaan yksil\u00f6iden ja organisaatioiden innovaatio- ja toimintakyky\u00e4, kest\u00e4vyytt\u00e4 ja tulevaisuususkoa tulevaisuusmuotoilun keinoin. Kehitysty\u00f6kalu organisaatiosi osallistavaan tulevaisuusty\u00f6h\u00f6n Tutustu tulevaisuusty\u00f6n Co-Sight mallipohjan hy\u00f6dynt\u00e4miseen t\u00e4st\u00e4 ja lataa malli maksutta organisaatiosi k\u00e4ytt\u00f6\u00f6n. Kehitysty\u00f6kalun avulla koko organisaation ymm\u00e4rryst\u00e4 hy\u00f6dynnet\u00e4\u00e4n tulevaisuusty\u00f6ss\u00e4, jolloin organisaation kyky muotoilla tulevaisuutta vahvistuu. Tarvitsetko tukea Co-sight kehitysty\u00f6kalun k\u00e4ytt\u00f6\u00f6nottoon ja organisaatiosi tulevaisuusty\u00f6n kehitt\u00e4miseen? Jutellaan, kuinka voin auttaa.<\/p>\n","protected":false},"author":1,"featured_media":226,"parent":0,"menu_order":0,"comment_status":"closed","ping_status":"closed","template":"","meta":{"_kadence_starter_templates_imported_post":false,"footnotes":""},"class_list":["post-78","page","type-page","status-publish","has-post-thumbnail","hentry"],"_links":{"self":[{"href":"https:\/\/www.ainopiispanen.fi\/index.php?rest_route=\/wp\/v2\/pages\/78","targetHints":{"allow":["GET"]}}],"collection":[{"href":"https:\/\/www.ainopiispanen.fi\/index.php?rest_route=\/wp\/v2\/pages"}],"about":[{"href":"https:\/\/www.ainopiispanen.fi\/index.php?rest_route=\/wp\/v2\/types\/page"}],"author":[{"embeddable":true,"href":"https:\/\/www.ainopiispanen.fi\/index.php?rest_route=\/wp\/v2\/users\/1"}],"replies":[{"embeddable":true,"href":"https:\/\/www.ainopiispanen.fi\/index.php?rest_route=%2Fwp%2Fv2%2Fcomments&post=78"}],"version-history":[{"count":69,"href":"https:\/\/www.ainopiispanen.fi\/index.php?rest_route=\/wp\/v2\/pages\/78\/revisions"}],"predecessor-version":[{"id":623,"href":"https:\/\/www.ainopiispanen.fi\/index.php?rest_route=\/wp\/v2\/pages\/78\/revisions\/623"}],"wp:featuredmedia":[{"embeddable":true,"href":"https:\/\/www.ainopiispanen.fi\/index.php?rest_route=\/wp\/v2\/media\/226"}],"wp:attachment":[{"href":"https:\/\/www.ainopiispanen.fi\/index.php?rest_route=%2Fwp%2Fv2%2Fmedia&parent=78"}],"curies":[{"name":"wp","href":"https:\/\/api.w.org\/{rel}","templated":true}]}}