{"id":656,"date":"2025-07-11T04:05:33","date_gmt":"2025-07-11T04:05:33","guid":{"rendered":"https:\/\/actforfuture.fi\/?page_id=656"},"modified":"2026-01-02T10:24:03","modified_gmt":"2026-01-02T10:24:03","slug":"portfolio","status":"publish","type":"page","link":"https:\/\/www.ainopiispanen.fi\/?page_id=656","title":{"rendered":"Portfolio"},"content":{"rendered":"\n<div class=\"wp-block-group alignfull has-background has-global-padding is-layout-constrained wp-container-core-group-is-layout-669513ed wp-block-group-is-layout-constrained\" style=\"background-color:#dad6d4;margin-top:0;margin-bottom:0;padding-top:var(--wp--preset--spacing--50);padding-right:var(--wp--preset--spacing--50);padding-bottom:var(--wp--preset--spacing--50);padding-left:var(--wp--preset--spacing--50)\">\n<div class=\"wp-block-columns alignwide is-layout-flex wp-container-core-columns-is-layout-1da03c2a wp-block-columns-is-layout-flex\">\n<div class=\"wp-block-column is-vertically-aligned-center is-layout-flow wp-block-column-is-layout-flow\" style=\"flex-basis:60%\">\n<div class=\"wp-block-group has-global-padding is-layout-constrained wp-block-group-is-layout-constrained\">\n<figure class=\"wp-block-image size-full is-resized wp-duotone-unset-1\" style=\"min-height:100%\"><img loading=\"lazy\" decoding=\"async\" width=\"2200\" height=\"1728\" src=\"https:\/\/ainopiispanen.fi\/wp-content\/uploads\/2025\/10\/20250710-20250710-DSCF0689-1.jpg\" alt=\"\" class=\"wp-image-984\" style=\"width:390px;height:auto\" srcset=\"https:\/\/www.ainopiispanen.fi\/wp-content\/uploads\/2025\/10\/20250710-20250710-DSCF0689-1.jpg 2200w, https:\/\/www.ainopiispanen.fi\/wp-content\/uploads\/2025\/10\/20250710-20250710-DSCF0689-1-300x236.jpg 300w, https:\/\/www.ainopiispanen.fi\/wp-content\/uploads\/2025\/10\/20250710-20250710-DSCF0689-1-1024x804.jpg 1024w, https:\/\/www.ainopiispanen.fi\/wp-content\/uploads\/2025\/10\/20250710-20250710-DSCF0689-1-768x603.jpg 768w, https:\/\/www.ainopiispanen.fi\/wp-content\/uploads\/2025\/10\/20250710-20250710-DSCF0689-1-1536x1206.jpg 1536w, https:\/\/www.ainopiispanen.fi\/wp-content\/uploads\/2025\/10\/20250710-20250710-DSCF0689-1-2048x1609.jpg 2048w\" sizes=\"auto, (max-width: 2200px) 100vw, 2200px\" \/><\/figure>\n<\/div>\n<\/div>\n\n\n\n<div class=\"wp-block-column is-layout-flow wp-block-column-is-layout-flow\" style=\"flex-basis:40%\">\n<h3 class=\"wp-block-heading is-style-default\">Ty\u00f6p\u00f6yd\u00e4ll\u00e4 2025 \u2192 nuorten tulevaisuususkon &amp; tulevaisuustoimijuuden vahvistaminen<\/h3>\n\n\n\n<p>Toimin projektip\u00e4\u00e4llikk\u00f6n\u00e4 Lasten ja nuorten s\u00e4\u00e4ti\u00f6n Tulevaisuuskoulussa.<\/p>\n\n\n\n<div class=\"wp-block-buttons is-content-justification-left is-layout-flex wp-container-core-buttons-is-layout-fc4fd283 wp-block-buttons-is-layout-flex\">\n<div class=\"wp-block-button\"><a class=\"wp-block-button__link has-contrast-color has-base-2-background-color has-text-color has-background has-link-color wp-element-button\" href=\"https:\/\/ainopiispanen.fi\/?page_id=1003\">Tutustu ty\u00f6h\u00f6n <\/a><\/div>\n<\/div>\n<\/div>\n<\/div>\n<\/div>\n\n\n\n<div class=\"wp-block-group alignfull has-base-background-color has-background has-global-padding is-layout-constrained wp-container-core-group-is-layout-d89aad35 wp-block-group-is-layout-constrained\" style=\"margin-top:0;margin-bottom:0;padding-top:var(--wp--preset--spacing--50);padding-right:var(--wp--preset--spacing--50);padding-bottom:var(--wp--preset--spacing--50);padding-left:var(--wp--preset--spacing--50)\">\n<div class=\"wp-block-columns alignwide are-vertically-aligned-center is-layout-flex wp-container-core-columns-is-layout-1da03c2a wp-block-columns-is-layout-flex\">\n<div class=\"wp-block-column is-vertically-aligned-center is-layout-flow wp-block-column-is-layout-flow\" style=\"flex-basis:50%\">\n<h3 class=\"wp-block-heading\">Tulevaisuusty\u00f6n kehitt\u00e4minen ja fasilitoiminen 2024-2025<\/h3>\n\n\n\n<p>Tuin Live-s\u00e4\u00e4ti\u00f6n johtoa osallistavan tulevaisuusty\u00f6n organisoimisessa. Kehitin organisaation henkil\u00f6st\u00f6n, kumppanien ja asiakkaiden ennakointi- ja tulevaisuusmuotoiluosaamista j\u00e4rjest\u00e4m\u00e4ll\u00e4 koulutusta, ty\u00f6pajoja ja kehitt\u00e4m\u00e4ll\u00e4 soveltuvia menetelmi\u00e4.<\/p>\n\n\n\n<div class=\"wp-block-buttons is-content-justification-left is-layout-flex wp-container-core-buttons-is-layout-fc4fd283 wp-block-buttons-is-layout-flex\">\n<div class=\"wp-block-button\"><a class=\"wp-block-button__link has-base-2-color has-text-color has-background has-link-color wp-element-button\" href=\"https:\/\/ainopiispanen.fi\/?page_id=794\" style=\"background-color:#517a6d\">Tutustu ty\u00f6h\u00f6n<\/a><\/div>\n<\/div>\n<\/div>\n\n\n\n<div class=\"wp-block-column is-vertically-aligned-center is-layout-flow wp-block-column-is-layout-flow\" style=\"flex-basis:50%\">\n<figure class=\"wp-block-image is-resized wp-duotone-duotone-1\"><img loading=\"lazy\" decoding=\"async\" width=\"862\" height=\"860\" src=\"https:\/\/ainopiispanen.fi\/wp-content\/uploads\/2025\/10\/Nayttokuva-2025-10-14-kello-11.30.05.png\" alt=\"\" class=\"wp-image-977\" style=\"width:342px;height:auto\" srcset=\"https:\/\/www.ainopiispanen.fi\/wp-content\/uploads\/2025\/10\/Nayttokuva-2025-10-14-kello-11.30.05.png 862w, https:\/\/www.ainopiispanen.fi\/wp-content\/uploads\/2025\/10\/Nayttokuva-2025-10-14-kello-11.30.05-300x300.png 300w, https:\/\/www.ainopiispanen.fi\/wp-content\/uploads\/2025\/10\/Nayttokuva-2025-10-14-kello-11.30.05-150x150.png 150w, https:\/\/www.ainopiispanen.fi\/wp-content\/uploads\/2025\/10\/Nayttokuva-2025-10-14-kello-11.30.05-768x766.png 768w\" sizes=\"auto, (max-width: 862px) 100vw, 862px\" \/><\/figure>\n<\/div>\n<\/div>\n<\/div>\n\n\n\n<div class=\"wp-block-group alignfull has-background has-global-padding is-layout-constrained wp-container-core-group-is-layout-669513ed wp-block-group-is-layout-constrained\" style=\"background-color:#dad6d4;margin-top:0;margin-bottom:0;padding-top:var(--wp--preset--spacing--50);padding-right:var(--wp--preset--spacing--50);padding-bottom:var(--wp--preset--spacing--50);padding-left:var(--wp--preset--spacing--50)\">\n<div class=\"wp-block-columns alignwide is-layout-flex wp-container-core-columns-is-layout-1da03c2a wp-block-columns-is-layout-flex\">\n<div class=\"wp-block-column is-vertically-aligned-center is-layout-flow wp-block-column-is-layout-flow\" style=\"flex-basis:60%\">\n<div class=\"wp-block-group has-global-padding is-layout-constrained wp-block-group-is-layout-constrained\">\n<figure class=\"wp-block-image size-full is-resized\" style=\"min-height:100%\"><img loading=\"lazy\" decoding=\"async\" width=\"366\" height=\"366\" src=\"https:\/\/ainopiispanen.fi\/wp-content\/uploads\/2025\/12\/Kopio-mallista-Act4Future-LOGO-1-3-edited.png\" alt=\"\" class=\"wp-image-1105\" style=\"width:409px;height:auto\" srcset=\"https:\/\/www.ainopiispanen.fi\/wp-content\/uploads\/2025\/12\/Kopio-mallista-Act4Future-LOGO-1-3-edited.png 366w, https:\/\/www.ainopiispanen.fi\/wp-content\/uploads\/2025\/12\/Kopio-mallista-Act4Future-LOGO-1-3-edited-300x300.png 300w, https:\/\/www.ainopiispanen.fi\/wp-content\/uploads\/2025\/12\/Kopio-mallista-Act4Future-LOGO-1-3-edited-150x150.png 150w\" sizes=\"auto, (max-width: 366px) 100vw, 366px\" \/><\/figure>\n<\/div>\n<\/div>\n\n\n\n<div class=\"wp-block-column is-layout-flow wp-block-column-is-layout-flow\" style=\"flex-basis:40%\">\n<p><\/p>\n\n\n\n<h3 class=\"wp-block-heading is-style-default\">Osaamistarpeiden ennakoinnin kehitt\u00e4minen koulutusorganisaatioissa 2024-2025<\/h3>\n\n\n\n<p>Koostin ja kehitin osaamisen ennakoinnin ja tulevaisuusmuotoilun ty\u00f6kaluja uusien koulutusratkaisujen innovoimisen mahdollistamiseksi. Fasilitoin koulutusorganisaatioiden ennakointi- ja tulevaisuusmuotoiluty\u00f6t\u00e4.  <\/p>\n\n\n\n<div class=\"wp-block-buttons is-content-justification-left is-layout-flex wp-container-core-buttons-is-layout-fc4fd283 wp-block-buttons-is-layout-flex\">\n<div class=\"wp-block-button\"><a class=\"wp-block-button__link has-contrast-color has-base-2-background-color has-text-color has-background has-link-color wp-element-button\" href=\"https:\/\/tulevaisuudenosaaminen.fi\/\">Tutustu tulevaisuuden                osaaminen -sivuihin<\/a><\/div>\n<\/div>\n<\/div>\n<\/div>\n<\/div>\n\n\n\n<div class=\"wp-block-group alignfull has-base-background-color has-background has-global-padding is-layout-constrained wp-container-core-group-is-layout-d89aad35 wp-block-group-is-layout-constrained\" style=\"margin-top:0;margin-bottom:0;padding-top:var(--wp--preset--spacing--50);padding-right:var(--wp--preset--spacing--50);padding-bottom:var(--wp--preset--spacing--50);padding-left:var(--wp--preset--spacing--50)\">\n<div class=\"wp-block-columns alignwide is-layout-flex wp-container-core-columns-is-layout-1da03c2a wp-block-columns-is-layout-flex\">\n<div class=\"wp-block-column is-vertically-aligned-stretch is-layout-flow wp-block-column-is-layout-flow\" style=\"flex-basis:50%\">\n<div class=\"wp-block-group is-vertical is-content-justification-stretch is-layout-flex wp-container-core-group-is-layout-444d5ee8 wp-block-group-is-layout-flex\">\n<p class=\"has-heading-font-family has-large-font-size\" style=\"line-height:1.2\">Tulevaisuusty\u00f6n kehitysty\u00f6kalu        Co-sight 2024<\/p>\n\n\n\n<div class=\"wp-block-group has-global-padding is-content-justification-left is-layout-constrained wp-container-core-group-is-layout-9fe8ed88 wp-block-group-is-layout-constrained\">\n<p class=\"wp-container-content-0733e5d0\">Kehitin ratkaisevan ty\u00f6kalun organisaatioiden osallistavan tulevaisuusty\u00f6n suunnitteluun, kehitt\u00e4miseen ja arviointiin.<\/p>\n\n\n\n<p><\/p>\n\n\n\n<div class=\"wp-block-buttons is-content-justification-left is-layout-flex wp-container-core-buttons-is-layout-fc4fd283 wp-block-buttons-is-layout-flex\">\n<div class=\"wp-block-button\"><a class=\"wp-block-button__link has-base-2-color has-text-color has-background has-link-color wp-element-button\" href=\"https:\/\/ainopiispanen.fi\/?page_id=2\" style=\"background-color:#517a6d\">Tutustu &amp; ota ty\u00f6kalu k\u00e4ytt\u00f6\u00f6n<\/a><\/div>\n<\/div>\n<\/div>\n<\/div>\n<\/div>\n\n\n\n<div class=\"wp-block-column is-vertically-aligned-center is-layout-flow wp-block-column-is-layout-flow\" style=\"flex-basis:50%\">\n<figure class=\"wp-block-image size-large\"><img loading=\"lazy\" decoding=\"async\" width=\"1024\" height=\"580\" src=\"https:\/\/ainopiispanen.fi\/wp-content\/uploads\/2025\/07\/Nayttokuva-2025-07-11-kello-7.02.57-1024x580.png\" alt=\"\" class=\"wp-image-658\" srcset=\"https:\/\/www.ainopiispanen.fi\/wp-content\/uploads\/2025\/07\/Nayttokuva-2025-07-11-kello-7.02.57-1024x580.png 1024w, https:\/\/www.ainopiispanen.fi\/wp-content\/uploads\/2025\/07\/Nayttokuva-2025-07-11-kello-7.02.57-300x170.png 300w, https:\/\/www.ainopiispanen.fi\/wp-content\/uploads\/2025\/07\/Nayttokuva-2025-07-11-kello-7.02.57-768x435.png 768w, https:\/\/www.ainopiispanen.fi\/wp-content\/uploads\/2025\/07\/Nayttokuva-2025-07-11-kello-7.02.57-1536x871.png 1536w, https:\/\/www.ainopiispanen.fi\/wp-content\/uploads\/2025\/07\/Nayttokuva-2025-07-11-kello-7.02.57.png 1616w\" sizes=\"auto, (max-width: 1024px) 100vw, 1024px\" \/><\/figure>\n<\/div>\n<\/div>\n<\/div>\n\n\n\n<div class=\"wp-block-group alignfull has-background has-global-padding is-layout-constrained wp-container-core-group-is-layout-669513ed wp-block-group-is-layout-constrained\" style=\"background-color:#dad6d4;margin-top:0;margin-bottom:0;padding-top:var(--wp--preset--spacing--50);padding-right:var(--wp--preset--spacing--50);padding-bottom:var(--wp--preset--spacing--50);padding-left:var(--wp--preset--spacing--50)\">\n<div class=\"wp-block-columns alignwide is-layout-flex wp-container-core-columns-is-layout-1da03c2a wp-block-columns-is-layout-flex\">\n<div class=\"wp-block-column is-vertically-aligned-center is-layout-flow wp-block-column-is-layout-flow\" style=\"flex-basis:60%\">\n<figure class=\"wp-block-image size-full\" style=\"min-height:100%\"><img loading=\"lazy\" decoding=\"async\" width=\"2560\" height=\"1355\" src=\"https:\/\/ainopiispanen.fi\/wp-content\/uploads\/2025\/07\/Nayttokuva-2025-07-26-kello-15.36.51-scaled.png\" alt=\"\" class=\"wp-image-882\" srcset=\"https:\/\/www.ainopiispanen.fi\/wp-content\/uploads\/2025\/07\/Nayttokuva-2025-07-26-kello-15.36.51-scaled.png 2560w, https:\/\/www.ainopiispanen.fi\/wp-content\/uploads\/2025\/07\/Nayttokuva-2025-07-26-kello-15.36.51-300x159.png 300w, https:\/\/www.ainopiispanen.fi\/wp-content\/uploads\/2025\/07\/Nayttokuva-2025-07-26-kello-15.36.51-1024x542.png 1024w, https:\/\/www.ainopiispanen.fi\/wp-content\/uploads\/2025\/07\/Nayttokuva-2025-07-26-kello-15.36.51-768x407.png 768w, https:\/\/www.ainopiispanen.fi\/wp-content\/uploads\/2025\/07\/Nayttokuva-2025-07-26-kello-15.36.51-1536x813.png 1536w, https:\/\/www.ainopiispanen.fi\/wp-content\/uploads\/2025\/07\/Nayttokuva-2025-07-26-kello-15.36.51-2048x1084.png 2048w\" sizes=\"auto, (max-width: 2560px) 100vw, 2560px\" \/><\/figure>\n<\/div>\n\n\n\n<div class=\"wp-block-column is-layout-flow wp-block-column-is-layout-flow\" style=\"flex-basis:40%\">\n<h3 class=\"wp-block-heading is-style-default\">Puhujana &amp; <br>juontajana 2024<\/h3>\n\n\n\n<p>K\u00e4sittelin ennakointi- ja muotoilukyvyn kehitt\u00e4mist\u00e4 sek\u00e4 tulevaisuuden ty\u00f6el\u00e4m\u00e4\u00e4.  <\/p>\n\n\n\n<div class=\"wp-block-buttons is-content-justification-left is-layout-flex wp-container-core-buttons-is-layout-fc4fd283 wp-block-buttons-is-layout-flex\">\n<div class=\"wp-block-button\"><a class=\"wp-block-button__link has-contrast-color has-base-2-background-color has-text-color has-background has-link-color wp-element-button\" href=\"https:\/\/ainopiispanen.fi\/?page_id=813\">Tutustu tilaisuuksiin &amp; palautteeseen<\/a><\/div>\n<\/div>\n<\/div>\n<\/div>\n<\/div>\n\n\n\n<div class=\"wp-block-group alignfull has-base-background-color has-background has-global-padding is-layout-constrained wp-container-core-group-is-layout-d89aad35 wp-block-group-is-layout-constrained\" style=\"margin-top:0;margin-bottom:0;padding-top:var(--wp--preset--spacing--50);padding-right:var(--wp--preset--spacing--50);padding-bottom:var(--wp--preset--spacing--50);padding-left:var(--wp--preset--spacing--50)\">\n<div class=\"wp-block-columns alignwide are-vertically-aligned-center is-layout-flex wp-container-core-columns-is-layout-1da03c2a wp-block-columns-is-layout-flex\">\n<div class=\"wp-block-column is-vertically-aligned-center is-layout-flow wp-block-column-is-layout-flow\" style=\"flex-basis:50%\">\n<h3 class=\"wp-block-heading\">Vision\u00e4\u00e4risen strategiaty\u00f6n tuki: Asianajotoimisto Honkanen &amp; Piispanen 2023<\/h3>\n\n\n\n<p>Ohjasin yrityst\u00e4 l\u00f6yt\u00e4m\u00e4\u00e4n yhteisen ymm\u00e4rryksen ja suunnan organisaatiolle tulevaisuuden tarkastelun siivitt\u00e4m\u00e4n\u00e4. Ammattitaitoinen yhteiskehitt\u00e4misen fasilitointi ja sopiviin jatkuvuutta tuoviin ty\u00f6kaluihin tutustuttaminen ker\u00e4si kiitosta. <\/p>\n\n\n\n<p><\/p>\n\n\n\n<div class=\"wp-block-buttons is-content-justification-left is-layout-flex wp-container-core-buttons-is-layout-fc4fd283 wp-block-buttons-is-layout-flex\">\n<div class=\"wp-block-button\"><a class=\"wp-block-button__link has-base-2-color has-text-color has-background has-link-color wp-element-button\" href=\"https:\/\/ainopiispanen.fi\/?page_id=527\" style=\"background-color:#517a6d\">Tutustu ty\u00f6h\u00f6n &amp; palautteeseen<\/a><\/div>\n<\/div>\n<\/div>\n\n\n\n<div class=\"wp-block-column is-vertically-aligned-center is-layout-flow wp-block-column-is-layout-flow\" style=\"flex-basis:50%\">\n<figure class=\"wp-block-image size-full\"><img loading=\"lazy\" decoding=\"async\" width=\"1236\" height=\"927\" src=\"https:\/\/ainopiispanen.fi\/wp-content\/uploads\/2024\/07\/Screenshot-2024-06-25-at-13.32.03-edited.png\" alt=\"\" class=\"wp-image-315\" style=\"aspect-ratio:4\/3;object-fit:cover\" srcset=\"https:\/\/www.ainopiispanen.fi\/wp-content\/uploads\/2024\/07\/Screenshot-2024-06-25-at-13.32.03-edited.png 1236w, https:\/\/www.ainopiispanen.fi\/wp-content\/uploads\/2024\/07\/Screenshot-2024-06-25-at-13.32.03-edited-300x225.png 300w, https:\/\/www.ainopiispanen.fi\/wp-content\/uploads\/2024\/07\/Screenshot-2024-06-25-at-13.32.03-edited-1024x768.png 1024w, https:\/\/www.ainopiispanen.fi\/wp-content\/uploads\/2024\/07\/Screenshot-2024-06-25-at-13.32.03-edited-768x576.png 768w\" sizes=\"auto, (max-width: 1236px) 100vw, 1236px\" \/><\/figure>\n<\/div>\n<\/div>\n<\/div>\n\n\n\n<div class=\"wp-block-group alignfull has-background has-global-padding is-layout-constrained wp-container-core-group-is-layout-669513ed wp-block-group-is-layout-constrained\" style=\"background-color:#dad6d4;margin-top:0;margin-bottom:0;padding-top:var(--wp--preset--spacing--50);padding-right:var(--wp--preset--spacing--50);padding-bottom:var(--wp--preset--spacing--50);padding-left:var(--wp--preset--spacing--50)\">\n<div class=\"wp-block-columns alignwide is-layout-flex wp-container-core-columns-is-layout-1da03c2a wp-block-columns-is-layout-flex\">\n<div class=\"wp-block-column is-vertically-aligned-center is-layout-flow wp-block-column-is-layout-flow\" style=\"flex-basis:60%\">\n<figure class=\"wp-block-image size-full\" style=\"min-height:100%\"><img loading=\"lazy\" decoding=\"async\" width=\"1222\" height=\"1226\" src=\"https:\/\/ainopiispanen.fi\/wp-content\/uploads\/2025\/07\/Nayttokuva-2025-07-17-kello-18.00.48.png\" alt=\"\" class=\"wp-image-844\" srcset=\"https:\/\/www.ainopiispanen.fi\/wp-content\/uploads\/2025\/07\/Nayttokuva-2025-07-17-kello-18.00.48.png 1222w, https:\/\/www.ainopiispanen.fi\/wp-content\/uploads\/2025\/07\/Nayttokuva-2025-07-17-kello-18.00.48-300x300.png 300w, https:\/\/www.ainopiispanen.fi\/wp-content\/uploads\/2025\/07\/Nayttokuva-2025-07-17-kello-18.00.48-1021x1024.png 1021w, https:\/\/www.ainopiispanen.fi\/wp-content\/uploads\/2025\/07\/Nayttokuva-2025-07-17-kello-18.00.48-150x150.png 150w, https:\/\/www.ainopiispanen.fi\/wp-content\/uploads\/2025\/07\/Nayttokuva-2025-07-17-kello-18.00.48-768x771.png 768w\" sizes=\"auto, (max-width: 1222px) 100vw, 1222px\" \/><\/figure>\n<\/div>\n\n\n\n<div class=\"wp-block-column is-layout-flow wp-block-column-is-layout-flow\" style=\"flex-basis:40%\">\n<h3 class=\"wp-block-heading is-style-default\">Tulevaisuusty\u00f6n tutkiminen ja kehitt\u00e4minen osana opintoja, Live-s\u00e4\u00e4ti\u00f6 2023-2024<\/h3>\n\n\n\n<p>Tulevaisuuden johtamisen YAMK-opintojeni aikana tutkin, fasilitoin ja kehitin henkil\u00f6st\u00f6n ennakointi- ja muotoilutoimintaa yhdess\u00e4 viisihenkisen kehitt\u00e4j\u00e4ryhm\u00e4n kanssa. <\/p>\n\n\n\n<p>Tein opinn\u00e4ytety\u00f6n, jossa selvitin miten henkil\u00f6st\u00f6n osallisuutta tulevaisuusty\u00f6ss\u00e4 voidaan kehitt\u00e4\u00e4 ja mit\u00e4 sill\u00e4 voidaan saavuttaa. P\u00e4\u00e4st\u00e4kseni vastauksen \u00e4\u00e4relle, perehdyin strategisen ennakoinnin ja muotoilun sek\u00e4 osallisuuden tietoperustaan, ja tutkin Liven lis\u00e4ksi kahdeksan muun organisaation parhaita k\u00e4yt\u00e4nt\u00f6j\u00e4.<\/p>\n\n\n\n<p><\/p>\n\n\n\n<div class=\"wp-block-buttons is-content-justification-left is-layout-flex wp-container-core-buttons-is-layout-fc4fd283 wp-block-buttons-is-layout-flex\">\n<div class=\"wp-block-button\"><a class=\"wp-block-button__link has-contrast-color has-base-2-background-color has-text-color has-background has-link-color wp-element-button\" href=\"https:\/\/ainopiispanen.fi\/?page_id=858\">Tutustu tutkimus- ja kehitysty\u00f6h\u00f6n<\/a><\/div>\n<\/div>\n<\/div>\n<\/div>\n<\/div>\n\n\n\n<p><\/p>\n","protected":false},"excerpt":{"rendered":"<p>Ty\u00f6p\u00f6yd\u00e4ll\u00e4 2025 \u2192 nuorten tulevaisuususkon &amp; tulevaisuustoimijuuden vahvistaminen Toimin projektip\u00e4\u00e4llikk\u00f6n\u00e4 Lasten ja nuorten s\u00e4\u00e4ti\u00f6n Tulevaisuuskoulussa. Tulevaisuusty\u00f6n kehitt\u00e4minen ja fasilitoiminen 2024-2025 Tuin Live-s\u00e4\u00e4ti\u00f6n johtoa osallistavan tulevaisuusty\u00f6n organisoimisessa. Kehitin organisaation henkil\u00f6st\u00f6n, kumppanien ja asiakkaiden ennakointi- ja tulevaisuusmuotoiluosaamista j\u00e4rjest\u00e4m\u00e4ll\u00e4 koulutusta, ty\u00f6pajoja ja kehitt\u00e4m\u00e4ll\u00e4 soveltuvia menetelmi\u00e4. Osaamistarpeiden ennakoinnin kehitt\u00e4minen koulutusorganisaatioissa 2024-2025 Koostin ja kehitin osaamisen ennakoinnin ja tulevaisuusmuotoilun ty\u00f6kaluja [&hellip;]<\/p>\n","protected":false},"author":1,"featured_media":0,"parent":0,"menu_order":1,"comment_status":"closed","ping_status":"closed","template":"","meta":{"_kadence_starter_templates_imported_post":false,"footnotes":""},"class_list":["post-656","page","type-page","status-publish","hentry"],"_links":{"self":[{"href":"https:\/\/www.ainopiispanen.fi\/index.php?rest_route=\/wp\/v2\/pages\/656","targetHints":{"allow":["GET"]}}],"collection":[{"href":"https:\/\/www.ainopiispanen.fi\/index.php?rest_route=\/wp\/v2\/pages"}],"about":[{"href":"https:\/\/www.ainopiispanen.fi\/index.php?rest_route=\/wp\/v2\/types\/page"}],"author":[{"embeddable":true,"href":"https:\/\/www.ainopiispanen.fi\/index.php?rest_route=\/wp\/v2\/users\/1"}],"replies":[{"embeddable":true,"href":"https:\/\/www.ainopiispanen.fi\/index.php?rest_route=%2Fwp%2Fv2%2Fcomments&post=656"}],"version-history":[{"count":78,"href":"https:\/\/www.ainopiispanen.fi\/index.php?rest_route=\/wp\/v2\/pages\/656\/revisions"}],"predecessor-version":[{"id":1161,"href":"https:\/\/www.ainopiispanen.fi\/index.php?rest_route=\/wp\/v2\/pages\/656\/revisions\/1161"}],"wp:attachment":[{"href":"https:\/\/www.ainopiispanen.fi\/index.php?rest_route=%2Fwp%2Fv2%2Fmedia&parent=656"}],"curies":[{"name":"wp","href":"https:\/\/api.w.org\/{rel}","templated":true}]}}