{"id":527,"date":"2024-09-10T12:09:29","date_gmt":"2024-09-10T12:09:29","guid":{"rendered":"https:\/\/actforfuture.fi\/?page_id=527"},"modified":"2024-09-10T12:54:13","modified_gmt":"2024-09-10T12:54:13","slug":"case-kohti-yhteista-visiota-asianajotoimisto-honkanen-piispanen","status":"publish","type":"page","link":"https:\/\/www.ainopiispanen.fi\/?page_id=527","title":{"rendered":"Case: Kohti yhteist\u00e4 visiota &#8211;  Asianajotoimisto        Honkanen &amp; Piispanen"},"content":{"rendered":"\n<div class=\"wp-block-group alignfull has-base-color has-accent-background-color has-text-color has-background has-link-color wp-elements-f60b8eb2d9d18701031263316c623fcf has-global-padding is-layout-constrained wp-container-core-group-is-layout-d89aad35 wp-block-group-is-layout-constrained\" style=\"margin-top:0;margin-bottom:0;padding-top:var(--wp--preset--spacing--50);padding-right:var(--wp--preset--spacing--50);padding-bottom:var(--wp--preset--spacing--50);padding-left:var(--wp--preset--spacing--50)\">\n<div class=\"wp-block-cover aligncenter is-light has-custom-content-position is-position-bottom-center\" style=\"min-height:593px;aspect-ratio:unset;\"><span aria-hidden=\"true\" class=\"wp-block-cover__background has-background-dim\" style=\"background-color:#828f92\"><\/span><img loading=\"lazy\" decoding=\"async\" width=\"1949\" height=\"2560\" class=\"wp-block-cover__image-background wp-image-586\" alt=\"\" src=\"https:\/\/ainopiispanen.fi\/wp-content\/uploads\/2024\/09\/IMG_6122-1-scaled.jpg\" data-object-fit=\"cover\" srcset=\"https:\/\/www.ainopiispanen.fi\/wp-content\/uploads\/2024\/09\/IMG_6122-1-scaled.jpg 1949w, https:\/\/www.ainopiispanen.fi\/wp-content\/uploads\/2024\/09\/IMG_6122-1-228x300.jpg 228w, https:\/\/www.ainopiispanen.fi\/wp-content\/uploads\/2024\/09\/IMG_6122-1-780x1024.jpg 780w, https:\/\/www.ainopiispanen.fi\/wp-content\/uploads\/2024\/09\/IMG_6122-1-768x1009.jpg 768w, https:\/\/www.ainopiispanen.fi\/wp-content\/uploads\/2024\/09\/IMG_6122-1-1170x1536.jpg 1170w, https:\/\/www.ainopiispanen.fi\/wp-content\/uploads\/2024\/09\/IMG_6122-1-1559x2048.jpg 1559w\" sizes=\"auto, (max-width: 1949px) 100vw, 1949px\" \/><div class=\"wp-block-cover__inner-container is-layout-flow wp-block-cover-is-layout-flow\">\n<figure class=\"wp-block-pullquote has-text-align-right has-base-2-color has-text-color has-link-color has-x-large-font-size wp-elements-903332d07704b3bbe854682b32a704e1\"><blockquote><p><br><br><br><br><strong>Viestitt\u00e4v\u00e4 tahtotila, kirkkaat tavoitteet ja selke\u00e4t vastuut organisaation toimintaan?<\/strong><\/p><\/blockquote><\/figure>\n<\/div><\/div>\n\n\n\n<h6 class=\"wp-block-heading alignwide is-style-default has-contrast-color has-text-color has-link-color wp-elements-bc3ca6713afe2d828559bd2a7792c94f\" style=\"font-size:0rem;letter-spacing:-0.02em\"><\/h6>\n\n\n\n<div class=\"wp-block-group alignwide is-layout-flow wp-block-group-is-layout-flow\">\n<p class=\"has-contrast-color has-text-color has-link-color has-medium-font-size wp-elements-6912503c29d168ccc1a86be55dc9ddf1\">Asianajotoimisto Honkasen &amp; Piispasen visio muodostettiin osallistavasti tulevaisuusmuotoilun ty\u00f6pajoissa, hy\u00f6dynt\u00e4en ennakoinnin backcasting-menetelm\u00e4\u00e4. Visiosta johdettiin tavoitteet ja yritykselle rakennettiin aikataulutettu tiekartta kohti visiota. Digitaalinen,  p\u00e4ivitett\u00e4v\u00e4 tiekartta ohjaa henkil\u00f6st\u00f6n toimintaa osana p\u00e4ivitt\u00e4ist\u00e4 ty\u00f6t\u00e4.<\/p>\n\n\n\n<p class=\"has-contrast-color has-text-color has-link-color wp-elements-9c6af250f6683a57ed9f13cc69833f80\">Yrityksen vision statement on <em>Kest\u00e4v\u00e4\u00e4 oikeudellista mielenrauhaa. <\/em>Tutustu yritykseen ja sen tarjontaan lis\u00e4\u00e4:<\/p>\n\n\n\n<figure class=\"wp-block-image aligncenter size-full is-resized has-custom-border is-style-default\"><a href=\"https:\/\/www.honkanenco.fi\/\"><img loading=\"lazy\" decoding=\"async\" width=\"600\" height=\"226\" src=\"https:\/\/ainopiispanen.fi\/wp-content\/uploads\/2024\/08\/asianajotoimisto-honkanen-piispanen-oy_logo_black_blue_title_72ppi-600x9999-1.png\" alt=\"\" class=\"wp-image-529\" style=\"border-style:none;border-width:0px;width:353px;height:auto\" srcset=\"https:\/\/www.ainopiispanen.fi\/wp-content\/uploads\/2024\/08\/asianajotoimisto-honkanen-piispanen-oy_logo_black_blue_title_72ppi-600x9999-1.png 600w, https:\/\/www.ainopiispanen.fi\/wp-content\/uploads\/2024\/08\/asianajotoimisto-honkanen-piispanen-oy_logo_black_blue_title_72ppi-600x9999-1-300x113.png 300w\" sizes=\"auto, (max-width: 600px) 100vw, 600px\" \/><\/a><\/figure>\n\n\n\n<h3 class=\"wp-block-heading is-style-default has-contrast-color has-text-color has-link-color wp-elements-70d3c1fbf0d8db429cc00b4f3edc08cc\" style=\"font-size:0rem\"><\/h3>\n<\/div>\n\n\n\n<p style=\"font-size:0px\"><\/p>\n<\/div>\n\n\n\n<div class=\"wp-block-group alignfull has-base-color has-text-color has-background has-link-color wp-elements-bf1303be62b5f255a410b23b8502e36a has-global-padding is-layout-constrained wp-container-core-group-is-layout-d89aad35 wp-block-group-is-layout-constrained\" style=\"background-color:#bed3d1;margin-top:0;margin-bottom:0;padding-top:var(--wp--preset--spacing--50);padding-right:var(--wp--preset--spacing--50);padding-bottom:var(--wp--preset--spacing--50);padding-left:var(--wp--preset--spacing--50)\">\n<div class=\"wp-block-group alignwide is-layout-flow wp-block-group-is-layout-flow\">\n<h3 class=\"wp-block-heading has-contrast-color has-text-color has-link-color wp-elements-53235c57b398f71a66db4461e31a6670\">Alla oleva kuva esitt\u00e4\u00e4 ohjattua prosessia, jonka avulla yritys kykeni luomaan yhteisen reitin kohti toivottua tulevaisuutta. Rullaa my\u00f6s alas lukemaan Ainon toteuttaman ty\u00f6n palvelukokemuksesta!<\/h3>\n<\/div>\n<\/div>\n\n\n\n<div class=\"wp-block-group alignfull has-base-2-background-color has-background is-vertical is-layout-flex wp-container-core-group-is-layout-056709a1 wp-block-group-is-layout-flex\" style=\"margin-top:0;margin-bottom:0;padding-top:var(--wp--preset--spacing--50);padding-right:var(--wp--preset--spacing--50);padding-bottom:var(--wp--preset--spacing--50);padding-left:var(--wp--preset--spacing--50)\">\n<figure class=\"wp-block-image size-large is-resized is-style-rounded is-style-rounded--1\"><img loading=\"lazy\" decoding=\"async\" width=\"1024\" height=\"576\" src=\"https:\/\/ainopiispanen.fi\/wp-content\/uploads\/2024\/09\/visio-ja-tiekartta-2-1024x576.jpg\" alt=\"\" class=\"wp-image-599\" style=\"width:983px;height:auto\" srcset=\"https:\/\/www.ainopiispanen.fi\/wp-content\/uploads\/2024\/09\/visio-ja-tiekartta-2-1024x576.jpg 1024w, https:\/\/www.ainopiispanen.fi\/wp-content\/uploads\/2024\/09\/visio-ja-tiekartta-2-300x169.jpg 300w, https:\/\/www.ainopiispanen.fi\/wp-content\/uploads\/2024\/09\/visio-ja-tiekartta-2-768x432.jpg 768w, https:\/\/www.ainopiispanen.fi\/wp-content\/uploads\/2024\/09\/visio-ja-tiekartta-2-1536x864.jpg 1536w, https:\/\/www.ainopiispanen.fi\/wp-content\/uploads\/2024\/09\/visio-ja-tiekartta-2.jpg 1920w\" sizes=\"auto, (max-width: 1024px) 100vw, 1024px\" \/><\/figure>\n<\/div>\n\n\n\n<div class=\"wp-block-group alignfull has-base-color has-contrast-2-background-color has-text-color has-background has-link-color wp-elements-20b931e946abc8a5c33e3b95327cdb3d has-global-padding is-layout-constrained wp-container-core-group-is-layout-d89aad35 wp-block-group-is-layout-constrained\" style=\"margin-top:0;margin-bottom:0;padding-top:var(--wp--preset--spacing--50);padding-right:var(--wp--preset--spacing--50);padding-bottom:var(--wp--preset--spacing--50);padding-left:var(--wp--preset--spacing--50)\">\n<h4 class=\"wp-block-heading alignwide is-style-default has-base-color has-text-color has-link-color wp-elements-7f7961deb030b02f1c9ddb5d2ea128ab\" style=\"font-size:clamp(1.25rem, 1.25rem + ((1vw - 0.2rem) * 1.765), 2rem);letter-spacing:-0.02em\">Palvelukokemuksesta: <\/h4>\n\n\n\n<div class=\"wp-block-group alignwide is-layout-flow wp-block-group-is-layout-flow\">\n<p class=\"has-medium-font-size\">Act4Futuren Ainon vet\u00e4m\u00e4 visio- ja tiekarttaty\u00f6skentely auttoi hahmottamaan henkil\u00f6st\u00f6mme erilaisia ajatuksia niin nykyisyydest\u00e4 kuin tulevaisuudesta. T\u00e4rkeimp\u00e4n\u00e4 se sovitti yhteen kaikkien ajatuksia ja loi yhteisen suunnan. T\u00e4m\u00e4 kaikki selkeytti kovasti sit\u00e4, millaisia v\u00e4lietappeja ja toisaalta tavoitteita kohden ty\u00f6skennell\u00e4\u00e4n. Ty\u00f6kalut ovat edelleen k\u00e4yt\u00f6ss\u00e4mme.<\/p>\n\n\n\n<p>Aino on luonteva, rento ja innostava esiintyj\u00e4. H\u00e4n fasilitoi yhteiskehitt\u00e4mist\u00e4 ammattimaisesti ja koko ajan herk\u00e4ll\u00e4 korvalla kuunnellen. Aino piti tiekarttaa ohjatessaan huolta siit\u00e4, ett\u00e4 kussakin vaiheessa jokainen osallistuja tulee keskustelussa kuulluksi. Aino my\u00f6s mahdollisti ty\u00f6skentelyss\u00e4 teknisen alustan valinnalla sen, ett\u00e4 my\u00f6s hieman anonyymimpi ajatusten vaihto oli mahdollista.<\/p>\n\n\n\n<figure class=\"wp-block-image size-full is-resized\"><img loading=\"lazy\" decoding=\"async\" width=\"542\" height=\"722\" src=\"https:\/\/ainopiispanen.fi\/wp-content\/uploads\/2024\/09\/Screenshot-2024-09-03-at-14.40.00-edited.png\" alt=\"\" class=\"wp-image-555\" style=\"width:81px;height:auto\" srcset=\"https:\/\/www.ainopiispanen.fi\/wp-content\/uploads\/2024\/09\/Screenshot-2024-09-03-at-14.40.00-edited.png 542w, https:\/\/www.ainopiispanen.fi\/wp-content\/uploads\/2024\/09\/Screenshot-2024-09-03-at-14.40.00-edited-225x300.png 225w\" sizes=\"auto, (max-width: 542px) 100vw, 542px\" \/><\/figure>\n\n\n\n<p>Patricia Suhonen, Juristi, OTM<\/p>\n\n\n\n<p>Asianajotoimisto Honkanen &amp; Piispanen <\/p>\n<\/div>\n<\/div>\n\n\n\n<div class=\"wp-block-group alignfull has-global-padding is-layout-constrained wp-container-core-group-is-layout-d89aad35 wp-block-group-is-layout-constrained\" style=\"margin-top:0;margin-bottom:0;padding-top:var(--wp--preset--spacing--50);padding-right:var(--wp--preset--spacing--50);padding-bottom:var(--wp--preset--spacing--50);padding-left:var(--wp--preset--spacing--50)\">\n<div class=\"wp-block-columns alignwide are-vertically-aligned-center is-layout-flex wp-container-core-columns-is-layout-47c06fe3 wp-block-columns-is-layout-flex\">\n<div class=\"wp-block-column is-vertically-aligned-center is-layout-flow wp-block-column-is-layout-flow\" style=\"flex-basis:50%\">\n<h3 class=\"wp-block-heading has-text-color has-link-color wp-elements-8df69e865720151ecb9d6bb55377a4f7\" style=\"color:#008ca6\">Kirkas visio ja yhteiset askelmerkit organisaatiollesi?<\/h3>\n\n\n\n<p class=\"has-medium-font-size\"><strong>Ota yhteytt\u00e4:<\/strong><\/p>\n\n\n\n<p>Tulevaisuusmuotoilija Aino Piispanen<\/p>\n\n\n\n<p>0407792165<\/p>\n\n\n\n<p>aino.piispanen@actforfuture.fi<\/p>\n<\/div>\n\n\n\n<div class=\"wp-block-column is-vertically-aligned-center is-layout-flow wp-block-column-is-layout-flow\" style=\"flex-basis:50%\">\n<figure class=\"wp-block-image size-full is-style-rounded is-style-rounded--2\"><img loading=\"lazy\" decoding=\"async\" width=\"533\" height=\"581\" src=\"https:\/\/ainopiispanen.fi\/wp-content\/uploads\/2024\/09\/IMG-20230321-WA0007.jpg\" alt=\"\" class=\"wp-image-551\" style=\"aspect-ratio:4\/3;object-fit:cover\" srcset=\"https:\/\/www.ainopiispanen.fi\/wp-content\/uploads\/2024\/09\/IMG-20230321-WA0007.jpg 533w, https:\/\/www.ainopiispanen.fi\/wp-content\/uploads\/2024\/09\/IMG-20230321-WA0007-275x300.jpg 275w\" sizes=\"auto, (max-width: 533px) 100vw, 533px\" \/><\/figure>\n<\/div>\n<\/div>\n<\/div>\n","protected":false},"excerpt":{"rendered":"<p>Asianajotoimisto Honkasen &amp; Piispasen visio muodostettiin osallistavasti tulevaisuusmuotoilun ty\u00f6pajoissa, hy\u00f6dynt\u00e4en ennakoinnin backcasting-menetelm\u00e4\u00e4. Visiosta johdettiin tavoitteet ja yritykselle rakennettiin aikataulutettu tiekartta kohti visiota. Digitaalinen, p\u00e4ivitett\u00e4v\u00e4 tiekartta ohjaa henkil\u00f6st\u00f6n toimintaa osana p\u00e4ivitt\u00e4ist\u00e4 ty\u00f6t\u00e4. Yrityksen vision statement on Kest\u00e4v\u00e4\u00e4 oikeudellista mielenrauhaa. Tutustu yritykseen ja sen tarjontaan lis\u00e4\u00e4: Alla oleva kuva esitt\u00e4\u00e4 ohjattua prosessia, jonka avulla yritys kykeni luomaan [&hellip;]<\/p>\n","protected":false},"author":1,"featured_media":0,"parent":0,"menu_order":0,"comment_status":"closed","ping_status":"closed","template":"","meta":{"_kadence_starter_templates_imported_post":false,"footnotes":""},"class_list":["post-527","page","type-page","status-publish","hentry"],"_links":{"self":[{"href":"https:\/\/www.ainopiispanen.fi\/index.php?rest_route=\/wp\/v2\/pages\/527","targetHints":{"allow":["GET"]}}],"collection":[{"href":"https:\/\/www.ainopiispanen.fi\/index.php?rest_route=\/wp\/v2\/pages"}],"about":[{"href":"https:\/\/www.ainopiispanen.fi\/index.php?rest_route=\/wp\/v2\/types\/page"}],"author":[{"embeddable":true,"href":"https:\/\/www.ainopiispanen.fi\/index.php?rest_route=\/wp\/v2\/users\/1"}],"replies":[{"embeddable":true,"href":"https:\/\/www.ainopiispanen.fi\/index.php?rest_route=%2Fwp%2Fv2%2Fcomments&post=527"}],"version-history":[{"count":51,"href":"https:\/\/www.ainopiispanen.fi\/index.php?rest_route=\/wp\/v2\/pages\/527\/revisions"}],"predecessor-version":[{"id":607,"href":"https:\/\/www.ainopiispanen.fi\/index.php?rest_route=\/wp\/v2\/pages\/527\/revisions\/607"}],"wp:attachment":[{"href":"https:\/\/www.ainopiispanen.fi\/index.php?rest_route=%2Fwp%2Fv2%2Fmedia&parent=527"}],"curies":[{"name":"wp","href":"https:\/\/api.w.org\/{rel}","templated":true}]}}