{"id":2,"date":"2024-06-17T10:46:32","date_gmt":"2024-06-17T10:46:32","guid":{"rendered":"https:\/\/actforfuture.fi\/?page_id=2"},"modified":"2025-07-31T07:41:24","modified_gmt":"2025-07-31T07:41:24","slug":"sample-page","status":"publish","type":"page","link":"https:\/\/www.ainopiispanen.fi\/?page_id=2","title":{"rendered":"Tulevaisuusty\u00f6n kehitysty\u00f6kalu Co-sight"},"content":{"rendered":"\n<h3 class=\"wp-block-heading has-text-align-left\">Ratkaiseva ty\u00f6kalu organisaation osallistavan tulevaisuusty\u00f6n suunnitteluun, kehitt\u00e4miseen ja arviointiin<\/h3>\n\n\n\n<figure class=\"wp-block-image size-large\"><img loading=\"lazy\" decoding=\"async\" width=\"1080\" height=\"608\" src=\"https:\/\/ainopiispanen.fi\/wp-content\/uploads\/2024\/07\/kuva-mediatiedote-2-edited.png\" alt=\"\" class=\"wp-image-367\" srcset=\"https:\/\/www.ainopiispanen.fi\/wp-content\/uploads\/2024\/07\/kuva-mediatiedote-2-edited.png 1080w, https:\/\/www.ainopiispanen.fi\/wp-content\/uploads\/2024\/07\/kuva-mediatiedote-2-edited-300x169.png 300w, https:\/\/www.ainopiispanen.fi\/wp-content\/uploads\/2024\/07\/kuva-mediatiedote-2-edited-1024x576.png 1024w, https:\/\/www.ainopiispanen.fi\/wp-content\/uploads\/2024\/07\/kuva-mediatiedote-2-edited-768x432.png 768w\" sizes=\"auto, (max-width: 1080px) 100vw, 1080px\" \/><\/figure>\n\n\n\n<p>Tulevaisuusty\u00f6n mallipohja Co-sight perustuu YAMK-opinn\u00e4ytety\u00f6n tutkimus-ja kehitysty\u00f6h\u00f6n(2023-2024). Sen muotoilussa on hy\u00f6dynnetty alan tuoretta ja vakiintunutta tutkimustietoa sek\u00e4 tutkijan, ty\u00f6n kohdeorganisaatio Live-s\u00e4\u00e4ti\u00f6n ja benchmark-organisaatioiden n\u00e4kemyksi\u00e4. Benchmark-organisaatioina toimivat: Suomen Akatemia, Fingo, Kela, Kuntaliitto, Opetushallitus, Tamro, Verohallinto, Vere Design(nykyinen Kaksio Labs).&nbsp;Lue lis\u00e4\u00e4 <a href=\"https:\/\/urn.fi\/URN:NBN:fi:amk-2024061122850\"><strong>tutkimuksesta.<\/strong><\/a><\/p>\n\n\n\n<p>Co-Sight mallipohja on ty\u00f6kalu, joka tukee tulevaisuusty\u00f6n osa-alueiden j\u00e4sent\u00e4mist\u00e4 ja toiminnan ja kyvykkyyksien kehitt\u00e4mist\u00e4. K\u00e4ytt\u00e4j\u00e4l\u00e4ht\u00f6isen ja innostavan Co-Sight mallipohjan saa k\u00e4ytt\u00f6ohjeineen maksutta organisaatiolleen PDF-pohjana. <\/p>\n\n\n\n<p>Osallistava tulevaisuusty\u00f6 lis\u00e4\u00e4 organisaation ja yksil\u00f6iden innovaatiokyvykkyytt\u00e4 ja toimintakyky\u00e4. Ota k\u00e4ytt\u00f6\u00f6n kaikille avoin Co-Sight mallipohja ja suunnittele, kehit\u00e4 ja arvioi sen avulla organisaatiosi tulevaisuusty\u00f6t\u00e4!<\/p>\n\n\n\n<div class=\"wp-block-buttons alignfull is-content-justification-center is-layout-flex wp-container-core-buttons-is-layout-a89b3969 wp-block-buttons-is-layout-flex\">\n<div class=\"wp-block-button\"><a class=\"wp-block-button__link has-contrast-color has-accent-background-color has-text-color has-background has-link-color wp-element-button\" href=\"https:\/\/tulevaisuudenosaaminen.fi\/tyokalut\/co-sight\/\">OTA CO-SIGHT K\u00c4YTT\u00d6\u00d6N T\u00c4ST\u00c4<\/a><\/div>\n<\/div>\n\n\n\n<figure class=\"wp-block-image size-large is-resized\"><img loading=\"lazy\" decoding=\"async\" width=\"1024\" height=\"576\" src=\"https:\/\/ainopiispanen.fi\/wp-content\/uploads\/2024\/07\/mediatiedote-kuvat-2-2-1024x576.png\" alt=\"\" class=\"wp-image-369\" style=\"width:763px;height:auto\" srcset=\"https:\/\/www.ainopiispanen.fi\/wp-content\/uploads\/2024\/07\/mediatiedote-kuvat-2-2-1024x576.png 1024w, https:\/\/www.ainopiispanen.fi\/wp-content\/uploads\/2024\/07\/mediatiedote-kuvat-2-2-300x169.png 300w, https:\/\/www.ainopiispanen.fi\/wp-content\/uploads\/2024\/07\/mediatiedote-kuvat-2-2-768x432.png 768w, https:\/\/www.ainopiispanen.fi\/wp-content\/uploads\/2024\/07\/mediatiedote-kuvat-2-2.png 1366w\" sizes=\"auto, (max-width: 1024px) 100vw, 1024px\" \/><\/figure>\n\n\n\n<div class=\"wp-block-group has-global-padding is-layout-constrained wp-block-group-is-layout-constrained\">\n<h3 class=\"wp-block-heading has-large-font-size\">Tarvitsetko tukea kehitt\u00e4misty\u00f6h\u00f6n mallipohjan avulla? <\/h3>\n\n\n\n<p>Ota yhteytt\u00e4! <\/p>\n\n\n\n<p>Tulevaisuusmuotoilija Aino Piispanen 0407792165<\/p>\n\n\n\n<p>aino.piispanen@actforfuture.fi<\/p>\n\n\n\n<p><\/p>\n<\/div>\n\n\n\n<p><\/p>\n","protected":false},"excerpt":{"rendered":"<p>Ratkaiseva ty\u00f6kalu organisaation osallistavan tulevaisuusty\u00f6n suunnitteluun, kehitt\u00e4miseen ja arviointiin Tulevaisuusty\u00f6n mallipohja Co-sight perustuu YAMK-opinn\u00e4ytety\u00f6n tutkimus-ja kehitysty\u00f6h\u00f6n(2023-2024). Sen muotoilussa on hy\u00f6dynnetty alan tuoretta ja vakiintunutta tutkimustietoa sek\u00e4 tutkijan, ty\u00f6n kohdeorganisaatio Live-s\u00e4\u00e4ti\u00f6n ja benchmark-organisaatioiden n\u00e4kemyksi\u00e4. Benchmark-organisaatioina toimivat: Suomen Akatemia, Fingo, Kela, Kuntaliitto, Opetushallitus, Tamro, Verohallinto, Vere Design(nykyinen Kaksio Labs).&nbsp;Lue lis\u00e4\u00e4 tutkimuksesta. Co-Sight mallipohja on ty\u00f6kalu, joka tukee [&hellip;]<\/p>\n","protected":false},"author":1,"featured_media":0,"parent":0,"menu_order":0,"comment_status":"closed","ping_status":"open","template":"","meta":{"_kadence_starter_templates_imported_post":false,"footnotes":""},"class_list":["post-2","page","type-page","status-publish","hentry"],"_links":{"self":[{"href":"https:\/\/www.ainopiispanen.fi\/index.php?rest_route=\/wp\/v2\/pages\/2","targetHints":{"allow":["GET"]}}],"collection":[{"href":"https:\/\/www.ainopiispanen.fi\/index.php?rest_route=\/wp\/v2\/pages"}],"about":[{"href":"https:\/\/www.ainopiispanen.fi\/index.php?rest_route=\/wp\/v2\/types\/page"}],"author":[{"embeddable":true,"href":"https:\/\/www.ainopiispanen.fi\/index.php?rest_route=\/wp\/v2\/users\/1"}],"replies":[{"embeddable":true,"href":"https:\/\/www.ainopiispanen.fi\/index.php?rest_route=%2Fwp%2Fv2%2Fcomments&post=2"}],"version-history":[{"count":27,"href":"https:\/\/www.ainopiispanen.fi\/index.php?rest_route=\/wp\/v2\/pages\/2\/revisions"}],"predecessor-version":[{"id":921,"href":"https:\/\/www.ainopiispanen.fi\/index.php?rest_route=\/wp\/v2\/pages\/2\/revisions\/921"}],"wp:attachment":[{"href":"https:\/\/www.ainopiispanen.fi\/index.php?rest_route=%2Fwp%2Fv2%2Fmedia&parent=2"}],"curies":[{"name":"wp","href":"https:\/\/api.w.org\/{rel}","templated":true}]}}