{"id":1003,"date":"2025-12-21T04:24:10","date_gmt":"2025-12-21T04:24:10","guid":{"rendered":"https:\/\/actforfuture.fi\/?page_id=1003"},"modified":"2025-12-21T06:58:51","modified_gmt":"2025-12-21T06:58:51","slug":"tyopoydalla-2025-%e2%86%92-lasten-ja-nuorten-tulevaisuususkon-tulevaisuustoimijuuden-vahvistaminen","status":"publish","type":"page","link":"https:\/\/www.ainopiispanen.fi\/?page_id=1003","title":{"rendered":"Ty\u00f6p\u00f6yd\u00e4ll\u00e4 2025: nuorten tulevaisuususko ja -toimijuus"},"content":{"rendered":"\n<div class=\"wp-block-group alignfull has-background has-global-padding is-layout-constrained wp-container-core-group-is-layout-d89aad35 wp-block-group-is-layout-constrained\" style=\"background-color:#d3ddd5;margin-top:0;margin-bottom:0;padding-top:var(--wp--preset--spacing--50);padding-right:var(--wp--preset--spacing--50);padding-bottom:var(--wp--preset--spacing--50);padding-left:var(--wp--preset--spacing--50)\">\n<div class=\"wp-block-columns alignwide is-layout-flex wp-container-core-columns-is-layout-549b0c86 wp-block-columns-is-layout-flex\">\n<div class=\"wp-block-column is-layout-flow wp-container-core-column-is-layout-119bc444 wp-block-column-is-layout-flow\" style=\"flex-basis:50%\">\n<div class=\"wp-block-columns is-layout-flex wp-container-core-columns-is-layout-87beb0d0 wp-block-columns-is-layout-flex\">\n<div class=\"wp-block-column is-layout-flow wp-block-column-is-layout-flow\">\n<div class=\"wp-block-group is-nowrap is-layout-flex wp-container-core-group-is-layout-6c531013 wp-block-group-is-layout-flex\">\n<p class=\"has-medium-font-size wp-container-content-9cfa9a5a\"><strong>Projektip\u00e4\u00e4llikk\u00f6 I Tulevaisuuskoulu, <\/strong><br><strong>Lasten ja nuorten s\u00e4\u00e4ti\u00f6<\/strong><br><strong><br><\/strong>Tulevaisuuskoululla vahvistamme nuorten ennakointikyky\u00e4 ja tulevaisuustoimijuutta luovilla menetelmill\u00e4. Teemme sit\u00e4 kehitt\u00e4m\u00e4ll\u00e4 uudenlaisia oppimisen malleja ja kouluttamalla nuoria ohjaavia ammattilaisia niiden hy\u00f6dynt\u00e4miseen. Julkaisimme 12\/2025 selvityksen yli 2400 nuoren suhteesta tulevaisuuteen. J\u00e4rjest\u00e4mme my\u00f6s vuosittain, kansallisen Tulevaisuusviikon yl\u00e4asteen ja toisen asteen oppilaitoksille.&nbsp;<br><br>Johdan Toiveikas tulevaisuus -projektia, jossa Tulevaisuuskoulu kehitt\u00e4\u00e4 nuorille tulevaisuusvalmennusmallin yhdess\u00e4 Helsingin, Kotkan ja Kouvolan kaupunkien ty\u00f6llisyyspalveluiden asiakkaiden ja ammattilaisten kanssa. Valmennusmalli antaa ty\u00f6n ja koulutuksen ulkopuolella oleville nuorille keinoja kuvitella toiveikasta tulevaisuutta ja n\u00e4hd\u00e4 itsens\u00e4 aktiivisena osana sit\u00e4.<\/p>\n<\/div>\n<\/div>\n<\/div>\n<\/div>\n\n\n\n<div class=\"wp-block-column is-layout-flow wp-block-column-is-layout-flow\" style=\"flex-basis:50%\">\n<figure class=\"wp-block-image size-large\"><img loading=\"lazy\" decoding=\"async\" width=\"979\" height=\"652\" src=\"https:\/\/ainopiispanen.fi\/wp-content\/uploads\/2025\/12\/Screenshot-2025-10-31-at-21.58.20-edited.png\" alt=\"\" class=\"wp-image-1116\" srcset=\"https:\/\/www.ainopiispanen.fi\/wp-content\/uploads\/2025\/12\/Screenshot-2025-10-31-at-21.58.20-edited.png 979w, https:\/\/www.ainopiispanen.fi\/wp-content\/uploads\/2025\/12\/Screenshot-2025-10-31-at-21.58.20-edited-300x200.png 300w, https:\/\/www.ainopiispanen.fi\/wp-content\/uploads\/2025\/12\/Screenshot-2025-10-31-at-21.58.20-edited-768x511.png 768w\" sizes=\"auto, (max-width: 979px) 100vw, 979px\" \/><figcaption class=\"wp-element-caption\">Sitran julkaisutilaisuuden paneeli: Mit\u00e4 jos nuoret menett\u00e4v\u00e4t uskonsa tulevaisuuteen? 10\/2025. Panelistelina kanssani Itlan<br>toimitusjohtaja Katri Vataja ja STTK-opiskelijoiden puheenjohtaja Lauri Kujala.<\/figcaption><\/figure>\n\n\n\n<p>Tutustu Tulevaisuuskouluun: <a href=\"https:\/\/nuori.fi\/toiminta\/tulevaisuuskoulu\/\">https:\/\/nuori.fi\/toiminta\/tulevaisuuskoulu\/<\/a><br><br>Tutustu Toiveikas tulevaisuus -projektiin: <a href=\"https:\/\/nuori.fi\/toiminta\/tulevaisuuskoulu\/toiveikas-tulevaisuus\/#:~:text=Toiveikas%20tulevaisuus%20on%20Euroopan%20unionin%20osarahoittama%20hanke%2C%20jossa,Mallin%20tavoitteena%20on%20vahvistaa%20heid%C3%A4n%20toiveikkuuttaan%20ja%20toimijuuttaan.\">https:\/\/nuori.fi\/toiminta\/tulevaisuuskoulu\/toiveikas-tulevaisuus\/<\/a><\/p>\n\n\n\n<p>Tutustu selvitykseen: <a href=\"https:\/\/nuori.fi\/tulevaisuuskuva2025\/\">https:\/\/nuori.fi\/tulevaisuuskuva2025\/<\/a><\/p>\n<\/div>\n<\/div>\n<\/div>\n\n\n\n<div class=\"wp-block-group alignfull has-base-2-background-color has-background has-global-padding is-layout-constrained wp-container-core-group-is-layout-d89aad35 wp-block-group-is-layout-constrained\" style=\"margin-top:0;margin-bottom:0;padding-top:var(--wp--preset--spacing--50);padding-right:var(--wp--preset--spacing--50);padding-bottom:var(--wp--preset--spacing--50);padding-left:var(--wp--preset--spacing--50)\">\n<div class=\"wp-block-columns alignwide is-layout-flex wp-container-core-columns-is-layout-549b0c86 wp-block-columns-is-layout-flex\">\n<div class=\"wp-block-column is-layout-flow wp-container-core-column-is-layout-119bc444 wp-block-column-is-layout-flow\" style=\"flex-basis:50%\">\n<div class=\"wp-block-columns is-layout-flex wp-container-core-columns-is-layout-87beb0d0 wp-block-columns-is-layout-flex\">\n<div class=\"wp-block-column is-layout-flow wp-block-column-is-layout-flow\">\n<div class=\"wp-block-group is-nowrap is-layout-flex wp-container-core-group-is-layout-6c531013 wp-block-group-is-layout-flex\">\n<p class=\"has-medium-font-size wp-container-content-9cfa9a5a\"><strong><strong>Puheenvuoro I Ty\u00f6valmennuksen verkostop\u00e4iv\u00e4t 2025: Miten edist\u00e4n nuorten tulevaisuususkoa valmennusty\u00f6ss\u00e4?<\/strong><\/strong><br><strong><br><\/strong>Esiinnyin&nbsp;<a href=\"https:\/\/www.linkedin.com\/company\/ammattiopisto-spesia\/\">Ammattiopisto Spesia<\/a>n ja&nbsp;<a href=\"https:\/\/www.linkedin.com\/company\/livesaatio\/\">Live-s\u00e4\u00e4ti\u00f6<\/a>n j\u00e4rjest\u00e4mill\u00e4 ty\u00f6valmennuksen verkostop\u00e4ivill\u00e4 marraskuussa 2025. Verkostop\u00e4ivill\u00e4 oli j\u00e4lleen noin 250 ty\u00f6h\u00f6nvalmennuksen, opetuksen, ohjauksen ja ty\u00f6llist\u00e4misen ammattilaista. <br><br>Sain iso m\u00e4\u00e4r\u00e4n kiitoksia ja mainintoja p\u00e4iv\u00e4n parhaiten mieleen j\u00e4\u00e4neen\u00e4 puhujana. <br>\u00a8Ainon puheenvuoro oivallutti.\u00a8<br><br><a href=\"https:\/\/www.spesia.fi\/tapahtuma\/tyovalmennuksen-verkostopaiva-6-11-2025\/#:~:text=Liven%20ja%20Spesian%20j%C3%A4rjest%C3%A4m%C3%A4%20Ty%C3%B6valmennuksen%20verkostop%C3%A4iv%C3%A4%20tulee%20taas,teemoihin.%20Tapahtuma%20toteutetaan%20et%C3%A4yhteydell%C3%A4%2C%20ja%20osallistuminen%20on%20maksutonta.\" data-type=\"link\" data-id=\"https:\/\/www.spesia.fi\/tapahtuma\/tyovalmennuksen-verkostopaiva-6-11-2025\/#:~:text=Liven%20ja%20Spesian%20j%C3%A4rjest%C3%A4m%C3%A4%20Ty%C3%B6valmennuksen%20verkostop%C3%A4iv%C3%A4%20tulee%20taas,teemoihin.%20Tapahtuma%20toteutetaan%20et%C3%A4yhteydell%C3%A4%2C%20ja%20osallistuminen%20on%20maksutonta.\">Tutustu Ty\u00f6valmennuksen verkostop\u00e4iviin t\u00e4st\u00e4. <\/a><\/p>\n\n\n\n<p class=\"has-medium-font-size wp-container-content-9cfa9a5a\"><br><br><br><\/p>\n<\/div>\n<\/div>\n<\/div>\n<\/div>\n\n\n\n<div class=\"wp-block-column is-layout-flow wp-block-column-is-layout-flow\" style=\"flex-basis:50%\">\n<figure class=\"wp-block-image size-full is-resized\"><img loading=\"lazy\" decoding=\"async\" width=\"832\" height=\"950\" src=\"https:\/\/ainopiispanen.fi\/wp-content\/uploads\/2025\/07\/Nayttokuva-2025-04-02-kello-16.25.23.png\" alt=\"\" class=\"wp-image-626\" style=\"aspect-ratio:0.8757893344794525;width:336px;height:auto\" srcset=\"https:\/\/www.ainopiispanen.fi\/wp-content\/uploads\/2025\/07\/Nayttokuva-2025-04-02-kello-16.25.23.png 832w, https:\/\/www.ainopiispanen.fi\/wp-content\/uploads\/2025\/07\/Nayttokuva-2025-04-02-kello-16.25.23-263x300.png 263w, https:\/\/www.ainopiispanen.fi\/wp-content\/uploads\/2025\/07\/Nayttokuva-2025-04-02-kello-16.25.23-768x877.png 768w\" sizes=\"auto, (max-width: 832px) 100vw, 832px\" \/><\/figure>\n\n\n\n<p><\/p>\n<\/div>\n<\/div>\n<\/div>\n","protected":false},"excerpt":{"rendered":"<p>Projektip\u00e4\u00e4llikk\u00f6 I Tulevaisuuskoulu, Lasten ja nuorten s\u00e4\u00e4ti\u00f6Tulevaisuuskoululla vahvistamme nuorten ennakointikyky\u00e4 ja tulevaisuustoimijuutta luovilla menetelmill\u00e4. Teemme sit\u00e4 kehitt\u00e4m\u00e4ll\u00e4 uudenlaisia oppimisen malleja ja kouluttamalla nuoria ohjaavia ammattilaisia niiden hy\u00f6dynt\u00e4miseen. Julkaisimme 12\/2025 selvityksen yli 2400 nuoren suhteesta tulevaisuuteen. J\u00e4rjest\u00e4mme my\u00f6s vuosittain, kansallisen Tulevaisuusviikon yl\u00e4asteen ja toisen asteen oppilaitoksille.&nbsp; Johdan Toiveikas tulevaisuus -projektia, jossa Tulevaisuuskoulu kehitt\u00e4\u00e4 nuorille tulevaisuusvalmennusmallin yhdess\u00e4 [&hellip;]<\/p>\n","protected":false},"author":1,"featured_media":0,"parent":0,"menu_order":0,"comment_status":"closed","ping_status":"closed","template":"","meta":{"_kadence_starter_templates_imported_post":false,"footnotes":""},"class_list":["post-1003","page","type-page","status-publish","hentry"],"_links":{"self":[{"href":"https:\/\/www.ainopiispanen.fi\/index.php?rest_route=\/wp\/v2\/pages\/1003","targetHints":{"allow":["GET"]}}],"collection":[{"href":"https:\/\/www.ainopiispanen.fi\/index.php?rest_route=\/wp\/v2\/pages"}],"about":[{"href":"https:\/\/www.ainopiispanen.fi\/index.php?rest_route=\/wp\/v2\/types\/page"}],"author":[{"embeddable":true,"href":"https:\/\/www.ainopiispanen.fi\/index.php?rest_route=\/wp\/v2\/users\/1"}],"replies":[{"embeddable":true,"href":"https:\/\/www.ainopiispanen.fi\/index.php?rest_route=%2Fwp%2Fv2%2Fcomments&post=1003"}],"version-history":[{"count":26,"href":"https:\/\/www.ainopiispanen.fi\/index.php?rest_route=\/wp\/v2\/pages\/1003\/revisions"}],"predecessor-version":[{"id":1135,"href":"https:\/\/www.ainopiispanen.fi\/index.php?rest_route=\/wp\/v2\/pages\/1003\/revisions\/1135"}],"wp:attachment":[{"href":"https:\/\/www.ainopiispanen.fi\/index.php?rest_route=%2Fwp%2Fv2%2Fmedia&parent=1003"}],"curies":[{"name":"wp","href":"https:\/\/api.w.org\/{rel}","templated":true}]}}